{"id":158,"date":"2015-06-28T15:47:40","date_gmt":"2015-06-28T14:47:40","guid":{"rendered":"http:\/\/ama-idf.com\/?page_id=158"},"modified":"2021-01-11T16:29:33","modified_gmt":"2021-01-11T15:29:33","slug":"les-barrieres-et-bornes","status":"publish","type":"page","link":"http:\/\/www.ama-idf.com\/professionnel\/les-barrieres-et-bornes\/","title":{"rendered":"Les Barri\u00e8res et Bornes escamotables automatiques"},"content":{"rendered":"<h1>Les Barri\u00e8res et Bornes escamotables automatiques<\/h1>\n<p>&nbsp;<\/p>\n<h4><strong>Borne Escamotable M\u00e9canique ou Automatique<\/strong><\/h4>\n<p>&nbsp;<br \/>\nLa borne escamotable J275 offre une aide et une solution intelligente en substitution des portails, des cha\u00eenes et autres, en permettant de r\u00e9glementer l\u2019entr\u00e9e et\/ou la sortie de v\u00e9hicules dans certaines zones et d\u2019en emp\u00eacher le stationnement abusif.<\/p>\n<p>Constitu\u00e9 d\u2019un cylindre en acier, \u00e9paisseur 7 mm, trait\u00e9 par cataphor\u00e8se et peint \u00e0 la poudre RAL sur demande, d\u2019une lampe clignotante \u00e0 couronne avec LED centrale, d\u2019un avertisseur sonore d\u2019actionnement, d\u2019un abaissement d\u2019urgence en cas de coupure de courant. Temps de mont\u00e9e environ 5 s, temps de descente environ 2, 8 s, r\u00e9sistance aux chocs 9.000 Joules, r\u00e9sistance au d\u00e9foncement 120.000 Joules.<\/p>\n<p><img data-recalc-dims=\"1\" loading=\"lazy\" decoding=\"async\" data-attachment-id=\"733\" data-permalink=\"http:\/\/www.ama-idf.com\/professionnel\/borne_escamotable\/\" data-orig-file=\"https:\/\/i0.wp.com\/www.ama-idf.com\/wp-content\/uploads\/2016\/07\/Borne_escamotable.png?fit=220%2C220\" data-orig-size=\"220,220\" data-comments-opened=\"1\" data-image-meta=\"{&quot;aperture&quot;:&quot;0&quot;,&quot;credit&quot;:&quot;&quot;,&quot;camera&quot;:&quot;&quot;,&quot;caption&quot;:&quot;&quot;,&quot;created_timestamp&quot;:&quot;0&quot;,&quot;copyright&quot;:&quot;&quot;,&quot;focal_length&quot;:&quot;0&quot;,&quot;iso&quot;:&quot;0&quot;,&quot;shutter_speed&quot;:&quot;0&quot;,&quot;title&quot;:&quot;&quot;,&quot;orientation&quot;:&quot;0&quot;}\" data-image-title=\"Borne_escamotable\" data-image-description=\"&lt;p&gt;Borne_escamotable&lt;\/p&gt;\n\" data-image-caption=\"\" data-large-file=\"https:\/\/i0.wp.com\/www.ama-idf.com\/wp-content\/uploads\/2016\/07\/Borne_escamotable.png?fit=220%2C220\" class=\"wp-image-733  alignleft\" src=\"https:\/\/i0.wp.com\/www.ama-idf.com\/wp-content\/uploads\/2016\/07\/Borne_escamotable.png?resize=179%2C179\" alt=\"Borne_escamotable\" width=\"179\" height=\"179\"><\/p>\n<p>&nbsp;<\/p>\n<h4><strong>Barri\u00e8res levantes automatiques<\/strong><\/h4>\n<p>La barri\u00e8re levante est une solution id\u00e9ale pour les forts traffic routiers, permettant de r\u00e9guler le passage des v\u00e9hicules et\/ou camions.<\/p>\n<p>&nbsp;<\/p>\n<p><a href=\"https:\/\/www.youtube.com\/watch?v=TcddKw4uqWM\"><img data-recalc-dims=\"1\" loading=\"lazy\" decoding=\"async\" data-attachment-id=\"263\" data-permalink=\"http:\/\/www.ama-idf.com\/professionnel\/les-barrieres-et-bornes\/barriereslevante-2\/\" data-orig-file=\"https:\/\/i0.wp.com\/www.ama-idf.com\/wp-content\/uploads\/2015\/06\/barri%C3%A8reslevante1.jpg?fit=821%2C413\" data-orig-size=\"821,413\" data-comments-opened=\"1\" data-image-meta=\"{&quot;aperture&quot;:&quot;0&quot;,&quot;credit&quot;:&quot;&quot;,&quot;camera&quot;:&quot;&quot;,&quot;caption&quot;:&quot;&quot;,&quot;created_timestamp&quot;:&quot;0&quot;,&quot;copyright&quot;:&quot;&quot;,&quot;focal_length&quot;:&quot;0&quot;,&quot;iso&quot;:&quot;0&quot;,&quot;shutter_speed&quot;:&quot;0&quot;,&quot;title&quot;:&quot;&quot;,&quot;orientation&quot;:&quot;0&quot;}\" data-image-title=\"Barri\u00e8re levante Faac\" data-image-description=\"&lt;p&gt;barri\u00e8re levante Faac propos\u00e9 par AMA&lt;\/p&gt;\n\" data-image-caption=\"\" data-large-file=\"https:\/\/i0.wp.com\/www.ama-idf.com\/wp-content\/uploads\/2015\/06\/barri%C3%A8reslevante1.jpg?fit=630%2C317\" class=\"aligncenter wp-image-263\" src=\"https:\/\/i0.wp.com\/www.ama-idf.com\/wp-content\/uploads\/2015\/06\/barri%C3%A8reslevante1.jpg?resize=522%2C263\" alt=\"barri\u00e8re levante Faac - barri\u00e8res et bornes\" width=\"522\" height=\"263\"><\/a><\/p>\n<h4 style=\"text-align: center;\">Cliquez sur l&rsquo;image pour voir la vid\u00e9o descriptif!<\/h4>\n<p style=\"text-align: center;\"><a target=\"_blank\" class=\" enigma_btn_red enigma_btn_large  \" href=\"https:\/\/www.youtube.com\/watch?v=TcddKw4uqWM\" target=\" target=\"_blank\"\">Vid\u00e9o Youtube Faac!<\/a>\n","protected":false},"excerpt":{"rendered":"<p>Les Barri\u00e8res et Bornes escamotables automatiques &nbsp; Borne Escamotable M\u00e9canique ou Automatique &nbsp; La borne escamotable J275 offre une aide et une solution intelligente en substitution des portails, des cha\u00eenes et autres, en permettant de r\u00e9glementer l\u2019entr\u00e9e et\/ou la sortie de v\u00e9hicules dans certaines zones et d\u2019en emp\u00eacher le stationnement abusif. Constitu\u00e9 d\u2019un cylindre en30<\/p>\n","protected":false},"author":1,"featured_media":0,"parent":0,"menu_order":23,"comment_status":"open","ping_status":"open","template":"page-fullwidth.php","meta":{"_monsterinsights_skip_tracking":false,"_monsterinsights_sitenote_active":false,"_monsterinsights_sitenote_note":"","_monsterinsights_sitenote_category":0,"jetpack_post_was_ever_published":false,"footnotes":""},"class_list":["post-158","page","type-page","status-publish","hentry"],"jetpack_shortlink":"https:\/\/wp.me\/P6sqzA-2y","jetpack-related-posts":[{"id":165,"url":"http:\/\/www.ama-idf.com\/professionnel\/installation-maintenance\/","url_meta":{"origin":158,"position":0},"title":"Votre expert en automatismes et s\u00e9curit\u00e9 sur mesure en Ile de France","author":"ama@officiel.fr","date":"28 juin 2015","format":false,"excerpt":"Installation Une Installation cl\u00e9 en main : Portes sectionnelles, Portes basculantes, Portes coch\u00e8res, Portes accord\u00e9ons, Portes \u00e0 enroulement rapide rigide ou souple, Portes compacts Portails coulissants sur rails, t\u00e9lescopiques ou autoportants, Portails battants 1 ou 2 vantaux Portails accord\u00e9ons Portillons Portails rapides Bornes escamotables, Herses anti franchissements, Barri\u00e8res Levantes Barri\u00e8res\u2026","rel":"","context":"Avec 7 commentaires","block_context":{"text":"Avec 7 commentaires","link":"http:\/\/www.ama-idf.com\/professionnel\/installation-maintenance\/#comments"},"img":{"alt_text":"","src":"","width":0,"height":0},"classes":[]},{"id":122,"url":"http:\/\/www.ama-idf.com\/professionnel\/presentation-ama-ile-de-france\/","url_meta":{"origin":158,"position":1},"title":"Pr\u00e9sentation de l\u2019entreprise AMA PARIS \u00cele-de-France","author":"ama@officiel.fr","date":"28 juin 2015","format":false,"excerpt":"\u00a0 Implant\u00e9e \u00e0 Cormeilles-en-Parisis et \u00e0 Massy, AMA PARIS \u00cele-de-France est une entreprise sp\u00e9cialis\u00e9e dans l\u2019installation, la motorisation et la maintenance des \u00e9quipements de fermeture automatique et des syst\u00e8mes de contr\u00f4le d\u2019acc\u00e8s. Fond\u00e9e en 1990, elle s\u2019appuie aujourd\u2019hui sur une \u00e9quipe d\u2019environ trente collaborateurs, r\u00e9unis autour d\u2019un savoir-faire technique reconnu\u2026","rel":"","context":"Avec 2 commentaires","block_context":{"text":"Avec 2 commentaires","link":"http:\/\/www.ama-idf.com\/professionnel\/presentation-ama-ile-de-france\/#comments"},"img":{"alt_text":"","src":"https:\/\/i0.wp.com\/www.ama-idf.com\/wp-content\/uploads\/2026\/01\/AMA_Techniciens.jpg?resize=350%2C200","width":350,"height":200,"srcset":"https:\/\/i0.wp.com\/www.ama-idf.com\/wp-content\/uploads\/2026\/01\/AMA_Techniciens.jpg?resize=350%2C200 1x, https:\/\/i0.wp.com\/www.ama-idf.com\/wp-content\/uploads\/2026\/01\/AMA_Techniciens.jpg?resize=525%2C300 1.5x, https:\/\/i0.wp.com\/www.ama-idf.com\/wp-content\/uploads\/2026\/01\/AMA_Techniciens.jpg?resize=700%2C400 2x, https:\/\/i0.wp.com\/www.ama-idf.com\/wp-content\/uploads\/2026\/01\/AMA_Techniciens.jpg?resize=1050%2C600 3x, https:\/\/i0.wp.com\/www.ama-idf.com\/wp-content\/uploads\/2026\/01\/AMA_Techniciens.jpg?resize=1400%2C800 4x"},"classes":[]},{"id":1114,"url":"http:\/\/www.ama-idf.com\/professionnel\/produits-la-barriere-automatique\/","url_meta":{"origin":158,"position":2},"title":"S\u00e9curisez vos infrastructures avec AMA et LBA","author":"ama@officiel.fr","date":"6 ao\u00fbt 2016","format":false,"excerpt":"Produits La Barri\u00e8re Automatique AMA Paris \u00cele-de-France, sp\u00e9cialiste de l\u2019installation des solutions LBA (leader europ\u00e9en en contr\u00f4le d\u2019acc\u00e8s et s\u00e9curisation p\u00e9rim\u00e9trique).Nous vous accompagnons pour s\u00e9curiser vos flux pi\u00e9tons et v\u00e9hicules avec des \u00e9quipements fiables, durables et conformes. Pourquoi nous choisir ? Une expertise technique,Un mat\u00e9riels performants,De l\u2019\u00e9tude \u00e0 la maintenance,\u2026","rel":"","context":"Article similaire","block_context":{"text":"Article similaire","link":""},"img":{"alt_text":"","src":"","width":0,"height":0},"classes":[]},{"id":884,"url":"http:\/\/www.ama-idf.com\/professionnel\/nos-photos-barrieres-et-bornes\/","url_meta":{"origin":158,"position":3},"title":"Galerie Photos &#8211; Barri\u00e8res et bornes","author":"ama@officiel.fr","date":"24 juillet 2016","format":false,"excerpt":"Galerie Photos\u00a0-\u00a0Barri\u00e8res et bornes Voici quelques photos de barri\u00e8res et bornes install\u00e9s par AMA.","rel":"","context":"Article similaire","block_context":{"text":"Article similaire","link":""},"img":{"alt_text":"bornes_parkings","src":"https:\/\/i0.wp.com\/www.ama-idf.com\/wp-content\/uploads\/2016\/07\/bornes_parkings.jpg?resize=350%2C200","width":350,"height":200,"srcset":"https:\/\/i0.wp.com\/www.ama-idf.com\/wp-content\/uploads\/2016\/07\/bornes_parkings.jpg?resize=350%2C200 1x, https:\/\/i0.wp.com\/www.ama-idf.com\/wp-content\/uploads\/2016\/07\/bornes_parkings.jpg?resize=525%2C300 1.5x, https:\/\/i0.wp.com\/www.ama-idf.com\/wp-content\/uploads\/2016\/07\/bornes_parkings.jpg?resize=700%2C400 2x"},"classes":[]},{"id":1015,"url":"http:\/\/www.ama-idf.com\/professionnel\/produits-faac\/","url_meta":{"origin":158,"position":4},"title":"Automatismes FAAC : Installation et Entretien Expert","author":"ama@officiel.fr","date":"25 juillet 2016","format":false,"excerpt":"Les automatismes FAAC Les produits FAAC sont install\u00e9s et entretenus par la soci\u00e9t\u00e9 AMA Ile-de-France, agr\u00e9\u00e9 FAAC depuis 18 ans. FAAC-CATALOGUE-GENERAL-24 Un agr\u00e9\u00e9 FAAC est un professionnel certifi\u00e9 par FAAC, un leader dans les solutions de motorisation pour portes, portails, barri\u00e8res et automatismes. Voici les principales expertises et services qu\u2019un\u2026","rel":"","context":"Article similaire","block_context":{"text":"Article similaire","link":""},"img":{"alt_text":"","src":"","width":0,"height":0},"classes":[]},{"id":1258,"url":"http:\/\/www.ama-idf.com\/professionnel\/produits-urbaco\/","url_meta":{"origin":158,"position":5},"title":"Nos Produits &#8211; Urbaco","author":"ama@officiel.fr","date":"6 ao\u00fbt 2016","format":false,"excerpt":"Produits\u00a0Urbaco Produits Urbaco :\u00a0La configuration d\u2019un acc\u00e8s, au-del\u00e0 de l\u2019esth\u00e9tique et des performances de la borne elle-m\u00eame, d\u00e9pend des niveaux de s\u00e9curit\u00e9 et de gestion souhait\u00e9s. Ces niveaux de s\u00e9curit\u00e9 et de gestion se mat\u00e9rialisent par l\u2019installation de boucles magn\u00e9tiques (boucle de s\u00e9curit\u00e9 et boucle de s\u00e9curit\u00e9\/pr\u00e9sence) qui cr\u00e9ent un\u2026","rel":"","context":"Article similaire","block_context":{"text":"Article similaire","link":""},"img":{"alt_text":"borne_G6 produits urbaco","src":"https:\/\/i0.wp.com\/www.ama-idf.com\/wp-content\/uploads\/2016\/08\/borne_G6.jpg?resize=350%2C200","width":350,"height":200},"classes":[]}],"jetpack_sharing_enabled":true,"_links":{"self":[{"href":"http:\/\/www.ama-idf.com\/professionnel\/wp-json\/wp\/v2\/pages\/158","targetHints":{"allow":["GET"]}}],"collection":[{"href":"http:\/\/www.ama-idf.com\/professionnel\/wp-json\/wp\/v2\/pages"}],"about":[{"href":"http:\/\/www.ama-idf.com\/professionnel\/wp-json\/wp\/v2\/types\/page"}],"author":[{"embeddable":true,"href":"http:\/\/www.ama-idf.com\/professionnel\/wp-json\/wp\/v2\/users\/1"}],"replies":[{"embeddable":true,"href":"http:\/\/www.ama-idf.com\/professionnel\/wp-json\/wp\/v2\/comments?post=158"}],"version-history":[{"count":30,"href":"http:\/\/www.ama-idf.com\/professionnel\/wp-json\/wp\/v2\/pages\/158\/revisions"}],"predecessor-version":[{"id":1647,"href":"http:\/\/www.ama-idf.com\/professionnel\/wp-json\/wp\/v2\/pages\/158\/revisions\/1647"}],"wp:attachment":[{"href":"http:\/\/www.ama-idf.com\/professionnel\/wp-json\/wp\/v2\/media?parent=158"}],"curies":[{"name":"wp","href":"https:\/\/api.w.org\/{rel}","templated":true}]}}