{"id":155,"date":"2015-06-28T15:45:06","date_gmt":"2015-06-28T14:45:06","guid":{"rendered":"http:\/\/ama-idf.com\/?page_id=155"},"modified":"2021-01-11T16:30:29","modified_gmt":"2021-01-11T15:30:29","slug":"rideaux","status":"publish","type":"page","link":"http:\/\/www.ama-idf.com\/professionnel\/rideaux\/","title":{"rendered":"Rideaux m\u00e9talliques ou transparents pour professionnel"},"content":{"rendered":"<h1>Rideaux m\u00e9talliques ou transparents pour professionnel<\/h1>\n<p>&nbsp;<\/p>\n<h4>&nbsp;<img data-recalc-dims=\"1\" loading=\"lazy\" decoding=\"async\" data-attachment-id=\"754\" data-permalink=\"http:\/\/www.ama-idf.com\/professionnel\/rideaux-fer-collectifs\/\" data-orig-file=\"https:\/\/i0.wp.com\/www.ama-idf.com\/wp-content\/uploads\/2016\/07\/rideaux-fer-collectifs.jpg?fit=960%2C540\" data-orig-size=\"960,540\" data-comments-opened=\"1\" data-image-meta=\"{&quot;aperture&quot;:&quot;0&quot;,&quot;credit&quot;:&quot;&quot;,&quot;camera&quot;:&quot;&quot;,&quot;caption&quot;:&quot;&quot;,&quot;created_timestamp&quot;:&quot;0&quot;,&quot;copyright&quot;:&quot;&quot;,&quot;focal_length&quot;:&quot;0&quot;,&quot;iso&quot;:&quot;0&quot;,&quot;shutter_speed&quot;:&quot;0&quot;,&quot;title&quot;:&quot;&quot;,&quot;orientation&quot;:&quot;1&quot;}\" data-image-title=\"rideaux-fer-collectifs\" data-image-description=\"&lt;p&gt;rideaux-fer-collectifs&lt;\/p&gt;\n\" data-image-caption=\"\" data-large-file=\"https:\/\/i0.wp.com\/www.ama-idf.com\/wp-content\/uploads\/2016\/07\/rideaux-fer-collectifs.jpg?fit=630%2C354\" class=\"wp-image-754  alignleft\" src=\"https:\/\/i0.wp.com\/www.ama-idf.com\/wp-content\/uploads\/2016\/07\/rideaux-fer-collectifs.jpg?resize=493%2C277\" alt=\"rideaux-fer-collectifs\" width=\"493\" height=\"277\"><\/h4>\n<p>&nbsp;<\/p>\n<p>&nbsp;<\/p>\n<p>&nbsp;<\/p>\n<p>&nbsp;<\/p>\n<p>&nbsp;<\/p>\n<p>&nbsp;<\/p>\n<p>&nbsp;<\/p>\n<p>Des rideaux m\u00e9talliques pour une <strong>protection optimale<\/strong>&nbsp;contre les agressions ext\u00e9rieurs de vos magasins, entrep\u00f4ts, boutiques ou ateliers&nbsp;\u00e0 choisir,parmi la gamme A.M.A.<\/p>\n<p><img data-recalc-dims=\"1\" loading=\"lazy\" decoding=\"async\" data-attachment-id=\"752\" data-permalink=\"http:\/\/www.ama-idf.com\/professionnel\/rideau-microperfore\/\" data-orig-file=\"https:\/\/i0.wp.com\/www.ama-idf.com\/wp-content\/uploads\/2016\/07\/Rideau-microperfor%C3%A9.jpg?fit=720%2C480\" data-orig-size=\"720,480\" data-comments-opened=\"1\" data-image-meta=\"{&quot;aperture&quot;:&quot;0&quot;,&quot;credit&quot;:&quot;&quot;,&quot;camera&quot;:&quot;&quot;,&quot;caption&quot;:&quot;&quot;,&quot;created_timestamp&quot;:&quot;0&quot;,&quot;copyright&quot;:&quot;&quot;,&quot;focal_length&quot;:&quot;0&quot;,&quot;iso&quot;:&quot;0&quot;,&quot;shutter_speed&quot;:&quot;0&quot;,&quot;title&quot;:&quot;&quot;,&quot;orientation&quot;:&quot;1&quot;}\" data-image-title=\"Rideau-microperfor\u00e9\" data-image-description=\"&lt;p&gt;Rideau-microperfor\u00e9&lt;\/p&gt;\n\" data-image-caption=\"\" data-large-file=\"https:\/\/i0.wp.com\/www.ama-idf.com\/wp-content\/uploads\/2016\/07\/Rideau-microperfor%C3%A9.jpg?fit=630%2C420\" class=\"alignright wp-image-752 \" src=\"https:\/\/i0.wp.com\/www.ama-idf.com\/wp-content\/uploads\/2016\/07\/Rideau-microperfor%C3%A9.jpg?resize=233%2C155\" alt=\"Rideau-microperfor\u00e9\" width=\"233\" height=\"155\"><\/p>\n<p>Des rideaux correspondant \u00e0 vos attentes, sur mesures avec toutes esth\u00e9tiques (\u00e9l\u00e9gants, originaux) :<\/p>\n<p>lames pleines ou micro perfor\u00e9es,&nbsp;galvanis\u00e9es ou&nbsp;thermolaqu\u00e9&nbsp;suivant teinte RAL,&nbsp;transparentes ou d\u00e9coratives.<br \/>\nDes produits&nbsp;s\u00e9lectionn\u00e9es pour des caract\u00e9ristiques qui vont au del\u00e0 des exigences minimales.<\/p>\n<p><a href=\"http:\/\/www.ama-idf.com\/wp-content\/uploads\/2015\/06\/32_GRILLES-ET-RIDEAUX-FORMAT-A4-2015.pdf\" target=\"_blank\" rel=\"noopener\">Voir nos produits en cliquant ici<\/a><\/p>\n<p>Le rideau ou la grille m\u00e9talliques sont des solutions simples \u00e0 mettre en oeuvre, motoris\u00e9es et s\u00e9curis\u00e9es, conform\u00e9ment aux normes en vigueur, pour les<\/p>\n<p>professionnels, commer\u00e7ants ou industries.<\/p>\n<p><img data-recalc-dims=\"1\" loading=\"lazy\" decoding=\"async\" data-attachment-id=\"753\" data-permalink=\"http:\/\/www.ama-idf.com\/professionnel\/rideau-transparent-2\/\" data-orig-file=\"https:\/\/i0.wp.com\/www.ama-idf.com\/wp-content\/uploads\/2016\/07\/Rideau-transparent.jpg?fit=720%2C480\" data-orig-size=\"720,480\" data-comments-opened=\"1\" data-image-meta=\"{&quot;aperture&quot;:&quot;0&quot;,&quot;credit&quot;:&quot;&quot;,&quot;camera&quot;:&quot;&quot;,&quot;caption&quot;:&quot;&quot;,&quot;created_timestamp&quot;:&quot;0&quot;,&quot;copyright&quot;:&quot;&quot;,&quot;focal_length&quot;:&quot;0&quot;,&quot;iso&quot;:&quot;0&quot;,&quot;shutter_speed&quot;:&quot;0&quot;,&quot;title&quot;:&quot;&quot;,&quot;orientation&quot;:&quot;1&quot;}\" data-image-title=\"Rideau-transparent\" data-image-description=\"&lt;p&gt;Rideau-transparent&lt;\/p&gt;\n\" data-image-caption=\"\" data-large-file=\"https:\/\/i0.wp.com\/www.ama-idf.com\/wp-content\/uploads\/2016\/07\/Rideau-transparent.jpg?fit=630%2C420\" class=\"alignright wp-image-753 \" src=\"https:\/\/i0.wp.com\/www.ama-idf.com\/wp-content\/uploads\/2016\/07\/Rideau-transparent.jpg?resize=269%2C179\" alt=\"Rideau-transparent\" width=\"269\" height=\"179\"><\/p>\n<p><img data-recalc-dims=\"1\" loading=\"lazy\" decoding=\"async\" data-attachment-id=\"739\" data-permalink=\"http:\/\/www.ama-idf.com\/professionnel\/grille_magasin\/\" data-orig-file=\"https:\/\/i0.wp.com\/www.ama-idf.com\/wp-content\/uploads\/2016\/07\/Grille_magasin.jpg?fit=795%2C530\" data-orig-size=\"795,530\" data-comments-opened=\"1\" data-image-meta=\"{&quot;aperture&quot;:&quot;0&quot;,&quot;credit&quot;:&quot;&quot;,&quot;camera&quot;:&quot;&quot;,&quot;caption&quot;:&quot;&quot;,&quot;created_timestamp&quot;:&quot;0&quot;,&quot;copyright&quot;:&quot;&quot;,&quot;focal_length&quot;:&quot;0&quot;,&quot;iso&quot;:&quot;0&quot;,&quot;shutter_speed&quot;:&quot;0&quot;,&quot;title&quot;:&quot;&quot;,&quot;orientation&quot;:&quot;0&quot;}\" data-image-title=\"Grille_magasin\" data-image-description=\"&lt;p&gt;Grille_magasin&lt;\/p&gt;\n\" data-image-caption=\"\" data-large-file=\"https:\/\/i0.wp.com\/www.ama-idf.com\/wp-content\/uploads\/2016\/07\/Grille_magasin.jpg?fit=630%2C420\" class=\"wp-image-739  alignleft\" src=\"https:\/\/i0.wp.com\/www.ama-idf.com\/wp-content\/uploads\/2016\/07\/Grille_magasin.jpg?resize=266%2C177\" alt=\"Grille_magasin\" width=\"266\" height=\"177\"><\/p>\n<p>&nbsp;<\/p>\n<p>&nbsp;<\/p>\n<p>&nbsp;<\/p>\n<p>&nbsp;<\/p>\n","protected":false},"excerpt":{"rendered":"<p>Rideaux m\u00e9talliques ou transparents pour professionnel &nbsp; &nbsp; &nbsp; &nbsp; &nbsp; &nbsp; &nbsp; &nbsp; &nbsp; Des rideaux m\u00e9talliques pour une protection optimale&nbsp;contre les agressions ext\u00e9rieurs de vos magasins, entrep\u00f4ts, boutiques ou ateliers&nbsp;\u00e0 choisir,parmi la gamme A.M.A. Des rideaux correspondant \u00e0 vos attentes, sur mesures avec toutes esth\u00e9tiques (\u00e9l\u00e9gants, originaux) : lames pleines ou micro perfor\u00e9es,&nbsp;galvanis\u00e9es30<\/p>\n","protected":false},"author":1,"featured_media":0,"parent":0,"menu_order":22,"comment_status":"open","ping_status":"open","template":"page-fullwidth.php","meta":{"_monsterinsights_skip_tracking":false,"_monsterinsights_sitenote_active":false,"_monsterinsights_sitenote_note":"","_monsterinsights_sitenote_category":0,"jetpack_post_was_ever_published":false,"footnotes":""},"class_list":["post-155","page","type-page","status-publish","hentry"],"jetpack_shortlink":"https:\/\/wp.me\/P6sqzA-2v","jetpack-related-posts":[{"id":985,"url":"http:\/\/www.ama-idf.com\/professionnel\/nos-photos-rideaux\/","url_meta":{"origin":155,"position":0},"title":"Galerie Photos &#8211; Rideaux","author":"ama@officiel.fr","date":"24 juillet 2016","format":false,"excerpt":"Galerie Photos\u00a0-\u00a0Rideaux Voici quelques photos de rideaux\u00a0install\u00e9s par AMA.","rel":"","context":"Article similaire","block_context":{"text":"Article similaire","link":""},"img":{"alt_text":"Rideaux_fers_professionnel","src":"https:\/\/i0.wp.com\/www.ama-idf.com\/wp-content\/uploads\/2016\/07\/Rideaux_fers_professionnel-1.jpg?resize=350%2C200","width":350,"height":200,"srcset":"https:\/\/i0.wp.com\/www.ama-idf.com\/wp-content\/uploads\/2016\/07\/Rideaux_fers_professionnel-1.jpg?resize=350%2C200 1x, https:\/\/i0.wp.com\/www.ama-idf.com\/wp-content\/uploads\/2016\/07\/Rideaux_fers_professionnel-1.jpg?resize=525%2C300 1.5x, https:\/\/i0.wp.com\/www.ama-idf.com\/wp-content\/uploads\/2016\/07\/Rideaux_fers_professionnel-1.jpg?resize=700%2C400 2x"},"classes":[]},{"id":1125,"url":"http:\/\/www.ama-idf.com\/professionnel\/produits-vendemoise-de-fermeture\/","url_meta":{"origin":155,"position":1},"title":"Nos Produits &#8211; La Vendemoise de fermeture","author":"ama@officiel.fr","date":"6 ao\u00fbt 2016","format":false,"excerpt":"Produits La Vendemoise de fermeture Produits La Vendemoise de fermeture : Les\u00a0grilles roulantes en tubes ondul\u00e9s offrent une s\u00e9curit\u00e9 optimale et une condition id\u00e9ale de pr\u00e9sentation des produits apr\u00e8s la fermeture du magasin. Id\u00e9al pour prot\u00e9ger vos magasins, vos entrep\u00f4ts ou ateliers. Le rideau m\u00e9tallique constitue une d\u00e9fense efficace contre\u2026","rel":"","context":"Article similaire","block_context":{"text":"Article similaire","link":""},"img":{"alt_text":"grille_decorative produits la vendemoise de fermeture","src":"https:\/\/i0.wp.com\/www.ama-idf.com\/wp-content\/uploads\/2016\/08\/grille_decorative.jpg?resize=350%2C200","width":350,"height":200},"classes":[]},{"id":165,"url":"http:\/\/www.ama-idf.com\/professionnel\/installation-maintenance\/","url_meta":{"origin":155,"position":2},"title":"Votre expert en automatismes et s\u00e9curit\u00e9 sur mesure en Ile de France","author":"ama@officiel.fr","date":"28 juin 2015","format":false,"excerpt":"Installation Une Installation cl\u00e9 en main : Portes sectionnelles, Portes basculantes, Portes coch\u00e8res, Portes accord\u00e9ons, Portes \u00e0 enroulement rapide rigide ou souple, Portes compacts Portails coulissants sur rails, t\u00e9lescopiques ou autoportants, Portails battants 1 ou 2 vantaux Portails accord\u00e9ons Portillons Portails rapides Bornes escamotables, Herses anti franchissements, Barri\u00e8res Levantes Barri\u00e8res\u2026","rel":"","context":"Avec 7 commentaires","block_context":{"text":"Avec 7 commentaires","link":"http:\/\/www.ama-idf.com\/professionnel\/installation-maintenance\/#comments"},"img":{"alt_text":"","src":"","width":0,"height":0},"classes":[]},{"id":122,"url":"http:\/\/www.ama-idf.com\/professionnel\/presentation-ama-ile-de-france\/","url_meta":{"origin":155,"position":3},"title":"Pr\u00e9sentation de l\u2019entreprise AMA PARIS \u00cele-de-France","author":"ama@officiel.fr","date":"28 juin 2015","format":false,"excerpt":"\u00a0 Implant\u00e9e \u00e0 Cormeilles-en-Parisis et \u00e0 Massy, AMA PARIS \u00cele-de-France est une entreprise sp\u00e9cialis\u00e9e dans l\u2019installation, la motorisation et la maintenance des \u00e9quipements de fermeture automatique et des syst\u00e8mes de contr\u00f4le d\u2019acc\u00e8s. Fond\u00e9e en 1990, elle s\u2019appuie aujourd\u2019hui sur une \u00e9quipe d\u2019environ trente collaborateurs, r\u00e9unis autour d\u2019un savoir-faire technique reconnu\u2026","rel":"","context":"Avec 2 commentaires","block_context":{"text":"Avec 2 commentaires","link":"http:\/\/www.ama-idf.com\/professionnel\/presentation-ama-ile-de-france\/#comments"},"img":{"alt_text":"","src":"https:\/\/i0.wp.com\/www.ama-idf.com\/wp-content\/uploads\/2026\/01\/AMA_Techniciens.jpg?resize=350%2C200","width":350,"height":200,"srcset":"https:\/\/i0.wp.com\/www.ama-idf.com\/wp-content\/uploads\/2026\/01\/AMA_Techniciens.jpg?resize=350%2C200 1x, https:\/\/i0.wp.com\/www.ama-idf.com\/wp-content\/uploads\/2026\/01\/AMA_Techniciens.jpg?resize=525%2C300 1.5x, https:\/\/i0.wp.com\/www.ama-idf.com\/wp-content\/uploads\/2026\/01\/AMA_Techniciens.jpg?resize=700%2C400 2x, https:\/\/i0.wp.com\/www.ama-idf.com\/wp-content\/uploads\/2026\/01\/AMA_Techniciens.jpg?resize=1050%2C600 3x, https:\/\/i0.wp.com\/www.ama-idf.com\/wp-content\/uploads\/2026\/01\/AMA_Techniciens.jpg?resize=1400%2C800 4x"},"classes":[]},{"id":1351,"url":"http:\/\/www.ama-idf.com\/professionnel\/produits-hormann\/","url_meta":{"origin":155,"position":4},"title":"Produits Hormann : L&rsquo;Excellence en Menuiseries","author":"ama@officiel.fr","date":"7 ao\u00fbt 2016","format":false,"excerpt":"Fabricant leader europ\u00e9en de portes, blocs-portes, huisseries et motorisations, H\u00f6rmann est une r\u00e9f\u00e9rence internationale reconnue pour la qualit\u00e9, la fiabilit\u00e9 et la long\u00e9vit\u00e9 de ses \u00e9quipements. Ses usines hautement sp\u00e9cialis\u00e9es d\u00e9veloppent des solutions alliant innovation, s\u00e9curit\u00e9 de fonctionnement et performance durable, adapt\u00e9es aux b\u00e2timents industriels, tertiaires et commerciaux. AMA PARIS\u2026","rel":"","context":"Article similaire","block_context":{"text":"Article similaire","link":""},"img":{"alt_text":"","src":"https:\/\/i0.wp.com\/www.ama-idf.com\/wp-content\/uploads\/2026\/01\/Logo-Partenaire-Ind-Service-FR-Blau.jpg?resize=350%2C200","width":350,"height":200,"srcset":"https:\/\/i0.wp.com\/www.ama-idf.com\/wp-content\/uploads\/2026\/01\/Logo-Partenaire-Ind-Service-FR-Blau.jpg?resize=350%2C200 1x, https:\/\/i0.wp.com\/www.ama-idf.com\/wp-content\/uploads\/2026\/01\/Logo-Partenaire-Ind-Service-FR-Blau.jpg?resize=525%2C300 1.5x, https:\/\/i0.wp.com\/www.ama-idf.com\/wp-content\/uploads\/2026\/01\/Logo-Partenaire-Ind-Service-FR-Blau.jpg?resize=700%2C400 2x, https:\/\/i0.wp.com\/www.ama-idf.com\/wp-content\/uploads\/2026\/01\/Logo-Partenaire-Ind-Service-FR-Blau.jpg?resize=1050%2C600 3x, https:\/\/i0.wp.com\/www.ama-idf.com\/wp-content\/uploads\/2026\/01\/Logo-Partenaire-Ind-Service-FR-Blau.jpg?resize=1400%2C800 4x"},"classes":[]},{"id":212,"url":"http:\/\/www.ama-idf.com\/professionnel\/location\/","url_meta":{"origin":155,"position":5},"title":"Location A.M.A","author":"ama@officiel.fr","date":"29 juin 2015","format":false,"excerpt":"LOCFERM, un service A.M.A La location de votre installation en toute simplicit\u00e9 Avec ce service A.M.A vous propose une location de leurs produits sur court ou long terme.","rel":"","context":"Article similaire","block_context":{"text":"Article similaire","link":""},"img":{"alt_text":"Icone_location_ama","src":"https:\/\/i0.wp.com\/www.ama-idf.com\/wp-content\/uploads\/2016\/07\/Icone_location.png?resize=350%2C200","width":350,"height":200},"classes":[]}],"jetpack_sharing_enabled":true,"_links":{"self":[{"href":"http:\/\/www.ama-idf.com\/professionnel\/wp-json\/wp\/v2\/pages\/155","targetHints":{"allow":["GET"]}}],"collection":[{"href":"http:\/\/www.ama-idf.com\/professionnel\/wp-json\/wp\/v2\/pages"}],"about":[{"href":"http:\/\/www.ama-idf.com\/professionnel\/wp-json\/wp\/v2\/types\/page"}],"author":[{"embeddable":true,"href":"http:\/\/www.ama-idf.com\/professionnel\/wp-json\/wp\/v2\/users\/1"}],"replies":[{"embeddable":true,"href":"http:\/\/www.ama-idf.com\/professionnel\/wp-json\/wp\/v2\/comments?post=155"}],"version-history":[{"count":27,"href":"http:\/\/www.ama-idf.com\/professionnel\/wp-json\/wp\/v2\/pages\/155\/revisions"}],"predecessor-version":[{"id":1649,"href":"http:\/\/www.ama-idf.com\/professionnel\/wp-json\/wp\/v2\/pages\/155\/revisions\/1649"}],"wp:attachment":[{"href":"http:\/\/www.ama-idf.com\/professionnel\/wp-json\/wp\/v2\/media?parent=155"}],"curies":[{"name":"wp","href":"https:\/\/api.w.org\/{rel}","templated":true}]}}