{"id":145,"date":"2015-06-28T15:16:16","date_gmt":"2015-06-28T14:16:16","guid":{"rendered":"http:\/\/ama-idf.com\/?page_id=145"},"modified":"2021-01-11T16:28:35","modified_gmt":"2021-01-11T15:28:35","slug":"porte-de-garage","status":"publish","type":"page","link":"http:\/\/www.ama-idf.com\/professionnel\/porte-de-garage\/","title":{"rendered":"Porte de Garage"},"content":{"rendered":"<h1>Porte de Garage<\/h1>\n<div class=\"line\"><\/div>\n<h4>Porte de Parking Basculante ou Accord\u00e9on Automatique<\/h4>\n<p><em>Structure : <\/em>Cadre aluminium en 80 x 55 mm, Habillage simple peau 65\/100\u00e8me RAL 9016 ou sp\u00e9ciale sur demande. Ventilation haute ou basse par perforation ou sp\u00e9ciale selon le choix du remplissage, 200 couleurs RAL sur la face ext\u00e9rieure du tablier.<\/p>\n<p><a href=\"https:\/\/i0.wp.com\/ama-idf.com\/wp-content\/uploads\/2015\/06\/portegarage1.jpg\"><img data-recalc-dims=\"1\" loading=\"lazy\" decoding=\"async\" data-attachment-id=\"149\" data-permalink=\"http:\/\/www.ama-idf.com\/professionnel\/porte-de-garage\/portegarage1\/\" data-orig-file=\"https:\/\/i0.wp.com\/www.ama-idf.com\/wp-content\/uploads\/2015\/06\/portegarage1.jpg?fit=721%2C540\" data-orig-size=\"721,540\" data-comments-opened=\"1\" data-image-meta=\"{&quot;aperture&quot;:&quot;0&quot;,&quot;credit&quot;:&quot;&quot;,&quot;camera&quot;:&quot;&quot;,&quot;caption&quot;:&quot;&quot;,&quot;created_timestamp&quot;:&quot;0&quot;,&quot;copyright&quot;:&quot;&quot;,&quot;focal_length&quot;:&quot;0&quot;,&quot;iso&quot;:&quot;0&quot;,&quot;shutter_speed&quot;:&quot;0&quot;,&quot;title&quot;:&quot;&quot;,&quot;orientation&quot;:&quot;0&quot;}\" data-image-title=\"Porte de Garage de parking souterrain\" data-image-description=\"&lt;p&gt;porte de garage AMA parking souterrain&lt;\/p&gt;\n\" data-image-caption=\"\" data-large-file=\"https:\/\/i0.wp.com\/www.ama-idf.com\/wp-content\/uploads\/2015\/06\/portegarage1.jpg?fit=630%2C472\" class=\"alignleft wp-image-149\" src=\"https:\/\/i0.wp.com\/ama-idf.com\/wp-content\/uploads\/2015\/06\/portegarage1.jpg?resize=291%2C218\" alt=\"porte de garage AMA\" width=\"291\" height=\"218\"><\/a><\/p>\n<p>&nbsp;<\/p>\n<p>&nbsp;<\/p>\n<p>&nbsp;<\/p>\n<p>&nbsp;<\/p>\n<p>&nbsp;<\/p>\n<p>&nbsp;<\/p>\n<p><em>Motoris\u00e9 : <\/em>Un ou deux moteurs, suivant la surface, ol\u00e9o\u2010\u00e9lectrique \u00e0 mouvement r\u00e9versible. Bras moteur en Inox. Alimentation 220Volts monophas\u00e9 10A. Puissance 250Watts. Temps d\u2019ouverture ou de fermeture 12 secondes environ. Engagement 50% maximum, soit 60 cycles\/heure. Fr\u00e9quence d\u2019utilisation 1000 cycles\/24 h.<\/p>\n<p><em>S\u00e9curit\u00e9 : <\/em>Conform\u00e9ment aux r\u00e9glementations en vigueur, la porte comporte : Double limiteur de couple en ouverture et en fermeture, hydraulique et \u00e9lectronique. Un barrage cellule ext\u00e9rieur \u00e0 400 mm du sol, encastr\u00e9 dans les montants (s\u00e9curit\u00e9 des v\u00e9hicules). Un barrage cellule int\u00e9rieur \u00e0 100 mm du sol, encastr\u00e9 dans les montants (d\u00e9tection d\u2019un corps allong\u00e9). Deux feux orange clignotants ext\u00e9rieurs + 1 feu orange int\u00e9rieur \u00e0 leds incorpor\u00e9s dans les montants. Une tranche de s\u00e9curit\u00e9 anti\u2010\u00e9crasement en bas du tablier de porte. Une possibilit\u00e9 de man\u0153uvre manuelle en cas d\u2019absence de courant. Un d\u00e9verrouillage manuel. Verrouillage par 1 ou 2 ventouses \u00e9lectromagn\u00e9tiques anti\u2010cisaillement. Une commande d\u2019\u00e9clairage. Eclairage int\u00e9rieur de la zone de d\u00e9battement.<\/p>\n<p><a href=\"https:\/\/i0.wp.com\/ama-idf.com\/wp-content\/uploads\/2015\/06\/portegarage2.jpg\"><img data-recalc-dims=\"1\" loading=\"lazy\" decoding=\"async\" data-attachment-id=\"151\" data-permalink=\"http:\/\/www.ama-idf.com\/professionnel\/porte-de-garage\/portegarage2\/\" data-orig-file=\"https:\/\/i0.wp.com\/www.ama-idf.com\/wp-content\/uploads\/2015\/06\/portegarage2.jpg?fit=620%2C576\" data-orig-size=\"620,576\" data-comments-opened=\"1\" data-image-meta=\"{&quot;aperture&quot;:&quot;0&quot;,&quot;credit&quot;:&quot;&quot;,&quot;camera&quot;:&quot;&quot;,&quot;caption&quot;:&quot;&quot;,&quot;created_timestamp&quot;:&quot;0&quot;,&quot;copyright&quot;:&quot;&quot;,&quot;focal_length&quot;:&quot;0&quot;,&quot;iso&quot;:&quot;0&quot;,&quot;shutter_speed&quot;:&quot;0&quot;,&quot;title&quot;:&quot;&quot;,&quot;orientation&quot;:&quot;0&quot;}\" data-image-title=\"Porte de Garage verte immeuble\" data-image-description=\"&lt;p&gt;Porte de Garage verte pour un immeuble, travai effectu\u00e9 par AMA&lt;\/p&gt;\n\" data-image-caption=\"\" data-large-file=\"https:\/\/i0.wp.com\/www.ama-idf.com\/wp-content\/uploads\/2015\/06\/portegarage2.jpg?fit=620%2C576\" class=\"alignleft wp-image-151\" src=\"https:\/\/i0.wp.com\/ama-idf.com\/wp-content\/uploads\/2015\/06\/portegarage2.jpg?resize=214%2C199\" alt=\"Porte de Garage AMA\" width=\"214\" height=\"199\"><\/a><\/p>\n","protected":false},"excerpt":{"rendered":"<p>Porte de Garage Porte de Parking Basculante ou Accord\u00e9on Automatique Structure : Cadre aluminium en 80 x 55 mm, Habillage simple peau 65\/100\u00e8me RAL 9016 ou sp\u00e9ciale sur demande. Ventilation haute ou basse par perforation ou sp\u00e9ciale selon le choix du remplissage, 200 couleurs RAL sur la face ext\u00e9rieure du tablier. &nbsp; &nbsp; &nbsp; &nbsp;30<\/p>\n","protected":false},"author":1,"featured_media":0,"parent":0,"menu_order":24,"comment_status":"open","ping_status":"open","template":"page-fullwidth.php","meta":{"_monsterinsights_skip_tracking":false,"_monsterinsights_sitenote_active":false,"_monsterinsights_sitenote_note":"","_monsterinsights_sitenote_category":0,"jetpack_post_was_ever_published":false,"footnotes":""},"class_list":["post-145","page","type-page","status-publish","hentry"],"jetpack_shortlink":"https:\/\/wp.me\/P6sqzA-2l","jetpack-related-posts":[{"id":854,"url":"http:\/\/www.ama-idf.com\/professionnel\/nos-photos-porte-de-garage\/","url_meta":{"origin":145,"position":0},"title":"Galerie Photos &#8211; Porte de garage","author":"ama@officiel.fr","date":"24 juillet 2016","format":false,"excerpt":"Galerie Photos\u00a0- Porte de garage Voici quelques photos de porte de garage install\u00e9s par AMA.","rel":"","context":"Article similaire","block_context":{"text":"Article similaire","link":""},"img":{"alt_text":"rideau_a_lame","src":"https:\/\/i0.wp.com\/www.ama-idf.com\/wp-content\/uploads\/2016\/07\/rideau_a_lame.jpg?resize=350%2C200","width":350,"height":200,"srcset":"https:\/\/i0.wp.com\/www.ama-idf.com\/wp-content\/uploads\/2016\/07\/rideau_a_lame.jpg?resize=350%2C200 1x, https:\/\/i0.wp.com\/www.ama-idf.com\/wp-content\/uploads\/2016\/07\/rideau_a_lame.jpg?resize=525%2C300 1.5x, https:\/\/i0.wp.com\/www.ama-idf.com\/wp-content\/uploads\/2016\/07\/rideau_a_lame.jpg?resize=700%2C400 2x"},"classes":[]},{"id":1213,"url":"http:\/\/www.ama-idf.com\/professionnel\/produits-safir\/","url_meta":{"origin":145,"position":1},"title":"Portes de Garages SAFIR : Guide Complet","author":"ama@officiel.fr","date":"6 ao\u00fbt 2016","format":false,"excerpt":"SAFIR COLLECTIF & COPROPRIETE Les portes de garages Vous pouvez aussi consultez le catalogue ici. Fiche Produit S400 Porte basculante automatique de parking collectif SAFIR S400 Fiche Produit W724 Porte accordeon automatique de parking collectif SAFIR W724 Fiche Produit S424 Porte basculante automatique de parking collectif SAFIR S424","rel":"","context":"Article similaire","block_context":{"text":"Article similaire","link":""},"img":{"alt_text":"Porte basculante de parking","src":"https:\/\/i0.wp.com\/www.ama-idf.com\/wp-content\/uploads\/2026\/01\/Porte_Safir_S400.jpg?resize=350%2C200","width":350,"height":200,"srcset":"https:\/\/i0.wp.com\/www.ama-idf.com\/wp-content\/uploads\/2026\/01\/Porte_Safir_S400.jpg?resize=350%2C200 1x, https:\/\/i0.wp.com\/www.ama-idf.com\/wp-content\/uploads\/2026\/01\/Porte_Safir_S400.jpg?resize=525%2C300 1.5x, https:\/\/i0.wp.com\/www.ama-idf.com\/wp-content\/uploads\/2026\/01\/Porte_Safir_S400.jpg?resize=700%2C400 2x, https:\/\/i0.wp.com\/www.ama-idf.com\/wp-content\/uploads\/2026\/01\/Porte_Safir_S400.jpg?resize=1050%2C600 3x, https:\/\/i0.wp.com\/www.ama-idf.com\/wp-content\/uploads\/2026\/01\/Porte_Safir_S400.jpg?resize=1400%2C800 4x"},"classes":[]},{"id":128,"url":"http:\/\/www.ama-idf.com\/professionnel\/portails-portillons-clotures\/","url_meta":{"origin":145,"position":2},"title":"Portails, Portillons, Cl\u00f4tures","author":"ama@officiel.fr","date":"28 juin 2015","format":false,"excerpt":"Portails, Portillons & Cl\u00f4tures Confort & Conformit\u00e9 \u2013 S\u00e9curit\u00e9 & Environnement \u00a0 \u00a0 \u00a0 \u00a0 \u00a0 \u00a0 \u00a0 Portails coulissants (autoportants ou sur rail) Structure : Barreaud\u00e9 ou en t\u00f4les (perfor\u00e9es ou pleines), Poutre basse en tube 160x80x5mm, Cadre en tube 80x80x3mm, Barreaux 50x30x2mm, Poteau de guidage simple 150x150x4mm, Poteau\u2026","rel":"","context":"Avec 3 commentaires","block_context":{"text":"Avec 3 commentaires","link":"http:\/\/www.ama-idf.com\/professionnel\/portails-portillons-clotures\/#comments"},"img":{"alt_text":"certification_image_AMA","src":"https:\/\/i0.wp.com\/www.ama-idf.com\/wp-content\/uploads\/2016\/07\/certification_image_AMA.jpg?resize=350%2C200","width":350,"height":200},"classes":[]},{"id":1053,"url":"http:\/\/www.ama-idf.com\/professionnel\/produits-daab\/","url_meta":{"origin":145,"position":3},"title":"Motorisations DAAB : robustesse et durabilit\u00e9","author":"ama@officiel.fr","date":"5 ao\u00fbt 2016","format":false,"excerpt":"DAAB les moteurs qui propulsent vos projets Les automatismes DAAB sont \u00e0 la fois les plus robustes et les plus durables du march\u00e9. Nous proposons trois tailles diff\u00e9rentes\u00a0: DAAB MT pour les petites portes, DAAB MT Dimensions maximales des vantaux (L x H) : 3 x 3 mUtilisation maximale :\u2026","rel":"","context":"Article similaire","block_context":{"text":"Article similaire","link":""},"img":{"alt_text":"","src":"","width":0,"height":0},"classes":[]},{"id":1168,"url":"http:\/\/www.ama-idf.com\/professionnel\/produits-novoferm\/","url_meta":{"origin":145,"position":4},"title":"Nos Produits &#8211; Novoferm","author":"ama@officiel.fr","date":"6 ao\u00fbt 2016","format":false,"excerpt":"Produits\u00a0Novoferm Produits Novoferm : Installateurs, architectes, utilisateurs, La porte rapide facilite la circulation des\u00a0marchandises et apporte aux utilisateurs et\u00a0propri\u00e9taires \u00e9conomies d\u2019\u00e9nergie, robustesse et\u00a0s\u00e9curit\u00e9. Novoferm vous propose une large gamme\u00a0de portes rapides et vous garantit la conformit\u00e9\u00a0de son offre aux normes de s\u00e9curit\u00e9 en vigueur\u00a0EN 13241.1. En industrie Industrie lourde et\u2026","rel":"","context":"Article similaire","block_context":{"text":"Article similaire","link":""},"img":{"alt_text":"novospeed_flex_hard_edge produits Novoferm","src":"https:\/\/i0.wp.com\/www.ama-idf.com\/wp-content\/uploads\/2016\/08\/novospeed_flex_hard_edge.jpg?resize=350%2C200","width":350,"height":200},"classes":[]},{"id":122,"url":"http:\/\/www.ama-idf.com\/professionnel\/presentation-ama-ile-de-france\/","url_meta":{"origin":145,"position":5},"title":"Pr\u00e9sentation de l\u2019entreprise AMA PARIS \u00cele-de-France","author":"ama@officiel.fr","date":"28 juin 2015","format":false,"excerpt":"\u00a0 Implant\u00e9e \u00e0 Cormeilles-en-Parisis et \u00e0 Massy, AMA PARIS \u00cele-de-France est une entreprise sp\u00e9cialis\u00e9e dans l\u2019installation, la motorisation et la maintenance des \u00e9quipements de fermeture automatique et des syst\u00e8mes de contr\u00f4le d\u2019acc\u00e8s. Fond\u00e9e en 1990, elle s\u2019appuie aujourd\u2019hui sur une \u00e9quipe d\u2019environ trente collaborateurs, r\u00e9unis autour d\u2019un savoir-faire technique reconnu\u2026","rel":"","context":"Avec 2 commentaires","block_context":{"text":"Avec 2 commentaires","link":"http:\/\/www.ama-idf.com\/professionnel\/presentation-ama-ile-de-france\/#comments"},"img":{"alt_text":"","src":"https:\/\/i0.wp.com\/www.ama-idf.com\/wp-content\/uploads\/2026\/01\/AMA_Techniciens.jpg?resize=350%2C200","width":350,"height":200,"srcset":"https:\/\/i0.wp.com\/www.ama-idf.com\/wp-content\/uploads\/2026\/01\/AMA_Techniciens.jpg?resize=350%2C200 1x, https:\/\/i0.wp.com\/www.ama-idf.com\/wp-content\/uploads\/2026\/01\/AMA_Techniciens.jpg?resize=525%2C300 1.5x, https:\/\/i0.wp.com\/www.ama-idf.com\/wp-content\/uploads\/2026\/01\/AMA_Techniciens.jpg?resize=700%2C400 2x, https:\/\/i0.wp.com\/www.ama-idf.com\/wp-content\/uploads\/2026\/01\/AMA_Techniciens.jpg?resize=1050%2C600 3x, https:\/\/i0.wp.com\/www.ama-idf.com\/wp-content\/uploads\/2026\/01\/AMA_Techniciens.jpg?resize=1400%2C800 4x"},"classes":[]}],"jetpack_sharing_enabled":true,"_links":{"self":[{"href":"http:\/\/www.ama-idf.com\/professionnel\/wp-json\/wp\/v2\/pages\/145","targetHints":{"allow":["GET"]}}],"collection":[{"href":"http:\/\/www.ama-idf.com\/professionnel\/wp-json\/wp\/v2\/pages"}],"about":[{"href":"http:\/\/www.ama-idf.com\/professionnel\/wp-json\/wp\/v2\/types\/page"}],"author":[{"embeddable":true,"href":"http:\/\/www.ama-idf.com\/professionnel\/wp-json\/wp\/v2\/users\/1"}],"replies":[{"embeddable":true,"href":"http:\/\/www.ama-idf.com\/professionnel\/wp-json\/wp\/v2\/comments?post=145"}],"version-history":[{"count":7,"href":"http:\/\/www.ama-idf.com\/professionnel\/wp-json\/wp\/v2\/pages\/145\/revisions"}],"predecessor-version":[{"id":1645,"href":"http:\/\/www.ama-idf.com\/professionnel\/wp-json\/wp\/v2\/pages\/145\/revisions\/1645"}],"wp:attachment":[{"href":"http:\/\/www.ama-idf.com\/professionnel\/wp-json\/wp\/v2\/media?parent=145"}],"curies":[{"name":"wp","href":"https:\/\/api.w.org\/{rel}","templated":true}]}}