{"id":137,"date":"2015-06-28T14:56:49","date_gmt":"2015-06-28T13:56:49","guid":{"rendered":"http:\/\/ama-idf.com\/?page_id=137"},"modified":"2021-01-12T12:32:20","modified_gmt":"2021-01-12T11:32:20","slug":"motorisation","status":"publish","type":"page","link":"http:\/\/www.ama-idf.com\/professionnel\/motorisation\/","title":{"rendered":"Motorisation"},"content":{"rendered":"<h1>Motorisation Professionnelle<\/h1>\n<p>&nbsp;<\/p>\n<h4>Portail Coulissant<\/h4>\n<p>&nbsp;<br \/>\n<em>Le FAAC 844 ER <\/em>est un motor\u00e9ducteur pour portails coulissants d\u2019un poids maxi de 1 800 kg, pour usage collectif, tertiaire ou industriel et \u00e0 fr\u00e9quences d\u2019utilisations \u00e9lev\u00e9es. Il se caract\u00e9rise par sa robustesse et sa polyvalence. Embrayage \u00e0 double disque \u00e0 bain d\u2019huile et fin de course magn\u00e9tique. <strong>En cas de coupure de courant, le dispositif de d\u00e9verrouillage \u00e0 cl\u00e9 <\/strong>permet l\u2019ouverture et la fermeture manuelles du portail.<br \/>\n&nbsp;<br \/>\n<img data-recalc-dims=\"1\" loading=\"lazy\" decoding=\"async\" data-attachment-id=\"743\" data-permalink=\"http:\/\/www.ama-idf.com\/professionnel\/moteur_faac_844\/\" data-orig-file=\"https:\/\/i0.wp.com\/www.ama-idf.com\/wp-content\/uploads\/2016\/07\/Moteur_faac_844.jpg?fit=200%2C200\" data-orig-size=\"200,200\" data-comments-opened=\"1\" data-image-meta=\"{&quot;aperture&quot;:&quot;0&quot;,&quot;credit&quot;:&quot;&quot;,&quot;camera&quot;:&quot;&quot;,&quot;caption&quot;:&quot;&quot;,&quot;created_timestamp&quot;:&quot;0&quot;,&quot;copyright&quot;:&quot;&quot;,&quot;focal_length&quot;:&quot;0&quot;,&quot;iso&quot;:&quot;0&quot;,&quot;shutter_speed&quot;:&quot;0&quot;,&quot;title&quot;:&quot;&quot;,&quot;orientation&quot;:&quot;1&quot;}\" data-image-title=\"Moteur_faac_844\" data-image-description=\"&lt;p&gt;Moteur_faac_844&lt;\/p&gt;\n\" data-image-caption=\"\" data-large-file=\"https:\/\/i0.wp.com\/www.ama-idf.com\/wp-content\/uploads\/2016\/07\/Moteur_faac_844.jpg?fit=200%2C200\" class=\"wp-image-743 alignleft\" src=\"https:\/\/i0.wp.com\/www.ama-idf.com\/wp-content\/uploads\/2016\/07\/Moteur_faac_844.jpg?resize=177%2C177\" alt=\"Moteur_faac_844\" width=\"177\" height=\"177\"><\/p>\n<div class=\"line\"><\/div>\n<p><em>Le FAAC 844 R REV <\/em>est un motor\u00e9ducteur pour portails coulissants d\u2019un poids maxi de 1 000 kg, pour usagecollectif, et \u00e0 fr\u00e9quences d\u2019utilisations \u00e9lev\u00e9es. Il se caract\u00e9rise par sa robustesse et sa polyvalence. Embrayage \u00e0 double disque \u00e0 bain d\u2019huile et fin de course magn\u00e9tique. En cas de coupure de courant, le dispositif de d\u00e9verrouillage se d\u00e9bloque et on peut actionner manuellement le vantail coulissant \u00e0 l\u2019ouverture et la fermeture.<br \/>\n&nbsp;<br \/>\n&nbsp;<br \/>\n<a href=\"https:\/\/i0.wp.com\/ama-idf.com\/wp-content\/uploads\/2015\/06\/faac_844_r_rev.jpg\"><img data-recalc-dims=\"1\" loading=\"lazy\" decoding=\"async\" data-attachment-id=\"61\" data-permalink=\"http:\/\/www.ama-idf.com\/professionnel\/motorisation\/faac_844_r_rev\/\" data-orig-file=\"https:\/\/i0.wp.com\/www.ama-idf.com\/wp-content\/uploads\/2015\/06\/faac_844_r_rev.jpg?fit=119%2C200\" data-orig-size=\"119,200\" data-comments-opened=\"1\" data-image-meta=\"{&quot;aperture&quot;:&quot;0&quot;,&quot;credit&quot;:&quot;&quot;,&quot;camera&quot;:&quot;&quot;,&quot;caption&quot;:&quot;&quot;,&quot;created_timestamp&quot;:&quot;0&quot;,&quot;copyright&quot;:&quot;&quot;,&quot;focal_length&quot;:&quot;0&quot;,&quot;iso&quot;:&quot;0&quot;,&quot;shutter_speed&quot;:&quot;0&quot;,&quot;title&quot;:&quot;&quot;,&quot;orientation&quot;:&quot;0&quot;}\" data-image-title=\"Moteur Faac_844_r_rev\" data-image-description=\"&lt;p&gt;moteur de portail Faac 844 r rev&lt;\/p&gt;\n\" data-image-caption=\"\" data-large-file=\"https:\/\/i0.wp.com\/www.ama-idf.com\/wp-content\/uploads\/2015\/06\/faac_844_r_rev.jpg?fit=119%2C200\" class=\"wp-image-61 size-full alignleft\" src=\"https:\/\/i0.wp.com\/www.ama-idf.com\/wp-content\/uploads\/2015\/06\/faac_844_r_rev.jpg?resize=119%2C200\" alt=\"motorisation faac_844_r_rev\" width=\"119\" height=\"200\"><\/a><\/p>\n<p><em>Le MEC 200 1,5 CV Triphas\u00e9 <\/em>est un motor\u00e9ducteur \u00e9lectrom\u00e9canique d\u2019un poids maxi de 1200 Kg, c\u2019est un automatisme robuste et fiable pour portails industriels lourds, et \u00e0 fr\u00e9quences d\u2019utilisation tr\u00e8s \u00e9lev\u00e9es, dou\u00e9 d\u2019un accouplement Vis-Couronne en m\u00e9taux tr\u00e8s r\u00e9sistants tels que l\u2019Acier et le Bronze avec arbre sur billes, embrayage r\u00e9glable, le tout tremp\u00e9 dans un bain d\u2019huile. <strong>En cas de coupure de courant, le dispositif de d\u00e9verrouillage \u00e0 cl\u00e9<\/strong>permet l\u2019ouverture et la fermeture manuelles du portail.<br \/>\n&nbsp;<br \/>\n&nbsp;<br \/>\n&nbsp;<\/p>\n<h4>Portail Battant<\/h4>\n<p><em>Le FAAC 400 SB <\/em>est un motor\u00e9ducteur hydraulique pour portails battants d\u2019une longueur de vantail maximum de 4,00 m, pour usage collectif, tertiaire ou industriel et \u00e0 fr\u00e9quences d\u2019utilisations \u00e9lev\u00e9es. La technologie hydraulique permet un nombre de cycles \u00e9lev\u00e9 et une s\u00e9curit\u00e9 maximale anti-\u00e9crasement. De m\u00eame, l\u2019emploi d\u2019huile procure un mouvement souple et tr\u00e8s silencieux assur\u00e9 par tous temps et \u00e0 des temp\u00e9ratures externes de -20\u00b0 C \u00e0 + 55\u00b0 C, ainsi qu\u2019une faible consommation d\u2019\u00e9nergie \u00e9lectrique. <strong>En cas de coupure de courant, le dispositif de d\u00e9verrouillage se d\u00e9bloque <\/strong>et on peut actionner manuellement le vantail \u00e0 l\u2019ouverture et la fermeture.<br \/>\n&nbsp;<br \/>\n<em>Le FAAC 400 CBAC <\/em>est un motor\u00e9ducteur pour portails battants d\u2019une longueur de vantail maximum de 2,20 m, pour usage collectif, tertiaire ou industriel et \u00e0 fr\u00e9quences d\u2019utilisations \u00e9lev\u00e9es. La technologie hydraulique permet un nombre de cycles \u00e9lev\u00e9 et une s\u00e9curit\u00e9 maximale anti-\u00e9crasement. De m\u00eame, l\u2019emploi d\u2019huile procure un mouvement souple et tr\u00e8s silencieux assur\u00e9 par tous temps et \u00e0 des temp\u00e9ratures externes de -20\u00b0 C \u00e0 + 55\u00b0 C, ainsi qu\u2019une faible consommation d\u2019\u00e9nergie \u00e9lectrique. <strong>En cas de coupure de courant, le dispositif de d\u00e9verrouillage \u00e0 rotation prot\u00e9g\u00e9 par une cl\u00e9 <\/strong>permet d\u2019ouvrir et de fermer le portail manuellement.<br \/>\n<a href=\"https:\/\/i0.wp.com\/ama-idf.com\/wp-content\/uploads\/2015\/06\/faac_400_cbac.jpg\"><img data-recalc-dims=\"1\" loading=\"lazy\" decoding=\"async\" data-attachment-id=\"57\" data-permalink=\"http:\/\/www.ama-idf.com\/professionnel\/motorisation\/faac_400_cbac\/\" data-orig-file=\"https:\/\/i0.wp.com\/www.ama-idf.com\/wp-content\/uploads\/2015\/06\/faac_400_cbac.jpg?fit=200%2C101\" data-orig-size=\"200,101\" data-comments-opened=\"1\" data-image-meta=\"{&quot;aperture&quot;:&quot;0&quot;,&quot;credit&quot;:&quot;&quot;,&quot;camera&quot;:&quot;&quot;,&quot;caption&quot;:&quot;&quot;,&quot;created_timestamp&quot;:&quot;0&quot;,&quot;copyright&quot;:&quot;&quot;,&quot;focal_length&quot;:&quot;0&quot;,&quot;iso&quot;:&quot;0&quot;,&quot;shutter_speed&quot;:&quot;0&quot;,&quot;title&quot;:&quot;&quot;,&quot;orientation&quot;:&quot;0&quot;}\" data-image-title=\"M\u00e9canisme de moteur faac_400_cbac\" data-image-description=\"&lt;p&gt;M\u00e9canisme de moteur faac_400_cbac&lt;\/p&gt;\n\" data-image-caption=\"\" data-large-file=\"https:\/\/i0.wp.com\/www.ama-idf.com\/wp-content\/uploads\/2015\/06\/faac_400_cbac.jpg?fit=200%2C101\" class=\"alignleft wp-image-57 size-full\" src=\"https:\/\/i0.wp.com\/www.ama-idf.com\/wp-content\/uploads\/2015\/06\/faac_400_cbac.jpg?resize=200%2C101\" alt=\"motorisation faac_400_cbac\" width=\"200\" height=\"101\"><\/a><br \/>\n&nbsp;<br \/>\n<em>Le FAAC 415 \u2013 24 Volts <\/em>est un motor\u00e9ducteur \u00e9lectrom\u00e9canique autobloquant pour portails battants \u00e0 usage domestique ou collectif. Il se caract\u00e9rise par son confort d\u2019utilisation et sa robustesse. C\u2019est un automatisme polyvalent qui peut motoriser des portails de grande dimension. <strong>En cas de coupure de courant, le dispositif de d\u00e9verrouillage \u00e0 rotation prot\u00e9g\u00e9 par une cl\u00e9 <\/strong>permet d\u2019ouvrir et de fermer le portail manuellement.<br \/>\n<a href=\"https:\/\/i0.wp.com\/ama-idf.com\/wp-content\/uploads\/2015\/06\/faac_415-big.jpg\"><img data-recalc-dims=\"1\" loading=\"lazy\" decoding=\"async\" data-attachment-id=\"58\" data-permalink=\"http:\/\/www.ama-idf.com\/professionnel\/motorisation\/faac_415-big\/\" data-orig-file=\"https:\/\/i0.wp.com\/www.ama-idf.com\/wp-content\/uploads\/2015\/06\/faac_415-big.jpg?fit=200%2C140\" data-orig-size=\"200,140\" data-comments-opened=\"1\" data-image-meta=\"{&quot;aperture&quot;:&quot;0&quot;,&quot;credit&quot;:&quot;&quot;,&quot;camera&quot;:&quot;&quot;,&quot;caption&quot;:&quot;&quot;,&quot;created_timestamp&quot;:&quot;0&quot;,&quot;copyright&quot;:&quot;&quot;,&quot;focal_length&quot;:&quot;0&quot;,&quot;iso&quot;:&quot;0&quot;,&quot;shutter_speed&quot;:&quot;0&quot;,&quot;title&quot;:&quot;&quot;,&quot;orientation&quot;:&quot;0&quot;}\" data-image-title=\"M\u00e9canisme du moteur faac_415\" data-image-description=\"&lt;p&gt;M\u00e9canisme du moteur faac_415&lt;\/p&gt;\n\" data-image-caption=\"\" data-large-file=\"https:\/\/i0.wp.com\/www.ama-idf.com\/wp-content\/uploads\/2015\/06\/faac_415-big.jpg?fit=200%2C140\" class=\"alignleft wp-image-58 size-full\" src=\"https:\/\/i0.wp.com\/www.ama-idf.com\/wp-content\/uploads\/2015\/06\/faac_415-big.jpg?resize=200%2C140\" alt=\"motorisation faac_415-big\" width=\"200\" height=\"140\"><\/a><br \/>\n&nbsp;<br \/>\n<em>Le FAAC S800H \u2013 24 Volts <\/em><img alt=\"\">est une motorisation enterr\u00e9e pour portail r\u00e9sidentiel ou tertiaire d\u2019un poids maxi de 800 kg. Technologie hybride associant l\u2019hydraulique pour sa puissance, sa robustesse et le 24 Volts pour la s\u00e9curit\u00e9 et la simplicit\u00e9 des r\u00e9glages. Usage continu, s\u00e9curit\u00e9 anti-\u00e9crasement. But\u00e9es m\u00e9caniques internes en ouverture &amp; fermeture int\u00e9gr\u00e9es. Ouverture possible jusqu\u2019\u00e0 180\u00b0 C. Moteur log\u00e9 dans un caisson autoportant. <strong>En cas de coupure de courant, le dispositif de d\u00e9verrouillage se d\u00e9bloque <\/strong>et on peut actionner manuellement le vantail \u00e0 l\u2019ouverture et la fermeture.<br \/>\n&nbsp;<br \/>\n<a href=\"https:\/\/i0.wp.com\/ama-idf.com\/wp-content\/uploads\/2015\/06\/faac_s800h.jpg\"><img data-recalc-dims=\"1\" loading=\"lazy\" decoding=\"async\" data-attachment-id=\"62\" data-permalink=\"http:\/\/www.ama-idf.com\/professionnel\/motorisation\/faac_s800h\/\" data-orig-file=\"https:\/\/i0.wp.com\/www.ama-idf.com\/wp-content\/uploads\/2015\/06\/faac_s800h.jpg?fit=200%2C171\" data-orig-size=\"200,171\" data-comments-opened=\"1\" data-image-meta=\"{&quot;aperture&quot;:&quot;0&quot;,&quot;credit&quot;:&quot;&quot;,&quot;camera&quot;:&quot;&quot;,&quot;caption&quot;:&quot;&quot;,&quot;created_timestamp&quot;:&quot;0&quot;,&quot;copyright&quot;:&quot;&quot;,&quot;focal_length&quot;:&quot;0&quot;,&quot;iso&quot;:&quot;0&quot;,&quot;shutter_speed&quot;:&quot;0&quot;,&quot;title&quot;:&quot;&quot;,&quot;orientation&quot;:&quot;0&quot;}\" data-image-title=\"Moteur Faac_s800h\" data-image-description=\"&lt;p&gt;moteur pour automatisme Faac s800h&lt;\/p&gt;\n\" data-image-caption=\"\" data-large-file=\"https:\/\/i0.wp.com\/www.ama-idf.com\/wp-content\/uploads\/2015\/06\/faac_s800h.jpg?fit=200%2C171\" class=\"wp-image-62 size-full alignleft\" src=\"https:\/\/i0.wp.com\/www.ama-idf.com\/wp-content\/uploads\/2015\/06\/faac_s800h.jpg?resize=200%2C171\" alt=\"motorisation faac_s800h\" width=\"200\" height=\"171\"><\/a><\/p>\n<p><em>Le FAAC 770 \u2013 24 Volts <\/em>est une motorisation enterr\u00e9e pour portail r\u00e9sidentiel ou tertiaire d\u2019un poids maxi de 500 kg. Technologie hybride associant l\u2019hydraulique pour sa puissance, sa robustesse et le 24 Volts pour la s\u00e9curit\u00e9 et la simplicit\u00e9 des r\u00e9glages. Usage continu, s\u00e9curit\u00e9 anti-\u00e9crasement. But\u00e9es m\u00e9caniques internes en ouverture &amp; fermeture int\u00e9gr\u00e9es. Ouverture possible jusqu\u2019\u00e0 180\u00b0 C. <strong>En cas de coupure de courant, le dispositif de d\u00e9verrouillage s\u2019effectue \u00e0 l\u2019aide d\u2019une cl\u00e9 <\/strong>pour permettre d\u2019ouvrir et de fermer le portail manuellement.<br \/>\n&nbsp;<br \/>\n&nbsp;<br \/>\n<img data-recalc-dims=\"1\" loading=\"lazy\" decoding=\"async\" data-attachment-id=\"1663\" data-permalink=\"http:\/\/www.ama-idf.com\/professionnel\/motorisation\/certification_motorisation_a-m-a-2\/\" data-orig-file=\"https:\/\/i0.wp.com\/www.ama-idf.com\/wp-content\/uploads\/2021\/01\/Certification_Motorisation_A.M.A.jpg?fit=309%2C407\" data-orig-size=\"309,407\" data-comments-opened=\"1\" data-image-meta=\"{&quot;aperture&quot;:&quot;0&quot;,&quot;credit&quot;:&quot;&quot;,&quot;camera&quot;:&quot;&quot;,&quot;caption&quot;:&quot;&quot;,&quot;created_timestamp&quot;:&quot;0&quot;,&quot;copyright&quot;:&quot;&quot;,&quot;focal_length&quot;:&quot;0&quot;,&quot;iso&quot;:&quot;0&quot;,&quot;shutter_speed&quot;:&quot;0&quot;,&quot;title&quot;:&quot;&quot;,&quot;orientation&quot;:&quot;1&quot;}\" data-image-title=\"Certification_Motorisation_A.M.A\" data-image-description=\"&lt;p&gt;Certification_Motorisation_A.M.A&lt;\/p&gt;\n\" data-image-caption=\"\" data-large-file=\"https:\/\/i0.wp.com\/www.ama-idf.com\/wp-content\/uploads\/2021\/01\/Certification_Motorisation_A.M.A.jpg?fit=309%2C407\" class=\"wp-image-1663 size-full aligncenter\" style=\"border: 2px solid black;\" src=\"https:\/\/i0.wp.com\/www.ama-idf.com\/wp-content\/uploads\/2021\/01\/Certification_Motorisation_A.M.A.jpg?resize=309%2C407\" alt=\"Certification_Motorisation_A.M.A\" width=\"309\" height=\"407\"><\/p>\n<h4>T\u00e9l\u00e9charger le document de <a href=\"http:\/\/www.ama-idf.com\/wp-content\/uploads\/2015\/07\/tarifpro.pdf\" target=\"_blank\" rel=\"noopener\">Description de produit<\/a>&nbsp;pour plus d&rsquo;informations!<\/h4>\n","protected":false},"excerpt":{"rendered":"<p>Motorisation Professionnelle &nbsp; Portail Coulissant &nbsp; Le FAAC 844 ER est un motor\u00e9ducteur pour portails coulissants d\u2019un poids maxi de 1 800 kg, pour usage collectif, tertiaire ou industriel et \u00e0 fr\u00e9quences d\u2019utilisations \u00e9lev\u00e9es. Il se caract\u00e9rise par sa robustesse et sa polyvalence. Embrayage \u00e0 double disque \u00e0 bain d\u2019huile et fin de course magn\u00e9tique.30<\/p>\n","protected":false},"author":1,"featured_media":0,"parent":0,"menu_order":25,"comment_status":"open","ping_status":"open","template":"page-fullwidth.php","meta":{"_monsterinsights_skip_tracking":false,"_monsterinsights_sitenote_active":false,"_monsterinsights_sitenote_note":"","_monsterinsights_sitenote_category":0,"jetpack_post_was_ever_published":false,"footnotes":""},"class_list":["post-137","page","type-page","status-publish","hentry"],"jetpack_shortlink":"https:\/\/wp.me\/P6sqzA-2d","jetpack-related-posts":[{"id":1015,"url":"http:\/\/www.ama-idf.com\/professionnel\/produits-faac\/","url_meta":{"origin":137,"position":0},"title":"Automatismes FAAC : Installation et Entretien Expert","author":"ama@officiel.fr","date":"25 juillet 2016","format":false,"excerpt":"Les automatismes FAAC Les produits FAAC sont install\u00e9s et entretenus par la soci\u00e9t\u00e9 AMA Ile-de-France, agr\u00e9\u00e9 FAAC depuis 18 ans. FAAC-CATALOGUE-GENERAL-24 Un agr\u00e9\u00e9 FAAC est un professionnel certifi\u00e9 par FAAC, un leader dans les solutions de motorisation pour portes, portails, barri\u00e8res et automatismes. Voici les principales expertises et services qu\u2019un\u2026","rel":"","context":"Article similaire","block_context":{"text":"Article similaire","link":""},"img":{"alt_text":"","src":"","width":0,"height":0},"classes":[]},{"id":128,"url":"http:\/\/www.ama-idf.com\/professionnel\/portails-portillons-clotures\/","url_meta":{"origin":137,"position":1},"title":"Portails, Portillons, Cl\u00f4tures","author":"ama@officiel.fr","date":"28 juin 2015","format":false,"excerpt":"Portails, Portillons & Cl\u00f4tures Confort & Conformit\u00e9 \u2013 S\u00e9curit\u00e9 & Environnement \u00a0 \u00a0 \u00a0 \u00a0 \u00a0 \u00a0 \u00a0 Portails coulissants (autoportants ou sur rail) Structure : Barreaud\u00e9 ou en t\u00f4les (perfor\u00e9es ou pleines), Poutre basse en tube 160x80x5mm, Cadre en tube 80x80x3mm, Barreaux 50x30x2mm, Poteau de guidage simple 150x150x4mm, Poteau\u2026","rel":"","context":"Avec 3 commentaires","block_context":{"text":"Avec 3 commentaires","link":"http:\/\/www.ama-idf.com\/professionnel\/portails-portillons-clotures\/#comments"},"img":{"alt_text":"certification_image_AMA","src":"https:\/\/i0.wp.com\/www.ama-idf.com\/wp-content\/uploads\/2016\/07\/certification_image_AMA.jpg?resize=350%2C200","width":350,"height":200},"classes":[]},{"id":1114,"url":"http:\/\/www.ama-idf.com\/professionnel\/produits-la-barriere-automatique\/","url_meta":{"origin":137,"position":2},"title":"S\u00e9curisez vos infrastructures avec AMA et LBA","author":"ama@officiel.fr","date":"6 ao\u00fbt 2016","format":false,"excerpt":"Produits La Barri\u00e8re Automatique AMA Paris \u00cele-de-France, sp\u00e9cialiste de l\u2019installation des solutions LBA (leader europ\u00e9en en contr\u00f4le d\u2019acc\u00e8s et s\u00e9curisation p\u00e9rim\u00e9trique).Nous vous accompagnons pour s\u00e9curiser vos flux pi\u00e9tons et v\u00e9hicules avec des \u00e9quipements fiables, durables et conformes. Pourquoi nous choisir ? Une expertise technique,Un mat\u00e9riels performants,De l\u2019\u00e9tude \u00e0 la maintenance,\u2026","rel":"","context":"Article similaire","block_context":{"text":"Article similaire","link":""},"img":{"alt_text":"","src":"","width":0,"height":0},"classes":[]},{"id":1053,"url":"http:\/\/www.ama-idf.com\/professionnel\/produits-daab\/","url_meta":{"origin":137,"position":3},"title":"Motorisations DAAB : robustesse et durabilit\u00e9","author":"ama@officiel.fr","date":"5 ao\u00fbt 2016","format":false,"excerpt":"DAAB les moteurs qui propulsent vos projets Les automatismes DAAB sont \u00e0 la fois les plus robustes et les plus durables du march\u00e9. Nous proposons trois tailles diff\u00e9rentes\u00a0: DAAB MT pour les petites portes, DAAB MT Dimensions maximales des vantaux (L x H) : 3 x 3 mUtilisation maximale :\u2026","rel":"","context":"Article similaire","block_context":{"text":"Article similaire","link":""},"img":{"alt_text":"","src":"","width":0,"height":0},"classes":[]},{"id":158,"url":"http:\/\/www.ama-idf.com\/professionnel\/les-barrieres-et-bornes\/","url_meta":{"origin":137,"position":4},"title":"Les Barri\u00e8res et Bornes escamotables automatiques","author":"ama@officiel.fr","date":"28 juin 2015","format":false,"excerpt":"Les Barri\u00e8res et Bornes escamotables automatiques \u00a0 Borne Escamotable M\u00e9canique ou Automatique \u00a0 La borne escamotable J275 offre une aide et une solution intelligente en substitution des portails, des cha\u00eenes et autres, en permettant de r\u00e9glementer l\u2019entr\u00e9e et\/ou la sortie de v\u00e9hicules dans certaines zones et d\u2019en emp\u00eacher le stationnement\u2026","rel":"","context":"Avec 3 commentaires","block_context":{"text":"Avec 3 commentaires","link":"http:\/\/www.ama-idf.com\/professionnel\/les-barrieres-et-bornes\/#comments"},"img":{"alt_text":"barri\u00e8re levante Faac","src":"https:\/\/i0.wp.com\/www.ama-idf.com\/wp-content\/uploads\/2015\/06\/barri%C3%A8reslevante1.jpg?resize=350%2C200","width":350,"height":200,"srcset":"https:\/\/i0.wp.com\/www.ama-idf.com\/wp-content\/uploads\/2015\/06\/barri%C3%A8reslevante1.jpg?resize=350%2C200 1x, https:\/\/i0.wp.com\/www.ama-idf.com\/wp-content\/uploads\/2015\/06\/barri%C3%A8reslevante1.jpg?resize=525%2C300 1.5x, https:\/\/i0.wp.com\/www.ama-idf.com\/wp-content\/uploads\/2015\/06\/barri%C3%A8reslevante1.jpg?resize=700%2C400 2x"},"classes":[]},{"id":165,"url":"http:\/\/www.ama-idf.com\/professionnel\/installation-maintenance\/","url_meta":{"origin":137,"position":5},"title":"Votre expert en automatismes et s\u00e9curit\u00e9 sur mesure en Ile de France","author":"ama@officiel.fr","date":"28 juin 2015","format":false,"excerpt":"Installation Une Installation cl\u00e9 en main : Portes sectionnelles, Portes basculantes, Portes coch\u00e8res, Portes accord\u00e9ons, Portes \u00e0 enroulement rapide rigide ou souple, Portes compacts Portails coulissants sur rails, t\u00e9lescopiques ou autoportants, Portails battants 1 ou 2 vantaux Portails accord\u00e9ons Portillons Portails rapides Bornes escamotables, Herses anti franchissements, Barri\u00e8res Levantes Barri\u00e8res\u2026","rel":"","context":"Avec 7 commentaires","block_context":{"text":"Avec 7 commentaires","link":"http:\/\/www.ama-idf.com\/professionnel\/installation-maintenance\/#comments"},"img":{"alt_text":"","src":"","width":0,"height":0},"classes":[]}],"jetpack_sharing_enabled":true,"_links":{"self":[{"href":"http:\/\/www.ama-idf.com\/professionnel\/wp-json\/wp\/v2\/pages\/137","targetHints":{"allow":["GET"]}}],"collection":[{"href":"http:\/\/www.ama-idf.com\/professionnel\/wp-json\/wp\/v2\/pages"}],"about":[{"href":"http:\/\/www.ama-idf.com\/professionnel\/wp-json\/wp\/v2\/types\/page"}],"author":[{"embeddable":true,"href":"http:\/\/www.ama-idf.com\/professionnel\/wp-json\/wp\/v2\/users\/1"}],"replies":[{"embeddable":true,"href":"http:\/\/www.ama-idf.com\/professionnel\/wp-json\/wp\/v2\/comments?post=137"}],"version-history":[{"count":22,"href":"http:\/\/www.ama-idf.com\/professionnel\/wp-json\/wp\/v2\/pages\/137\/revisions"}],"predecessor-version":[{"id":1671,"href":"http:\/\/www.ama-idf.com\/professionnel\/wp-json\/wp\/v2\/pages\/137\/revisions\/1671"}],"wp:attachment":[{"href":"http:\/\/www.ama-idf.com\/professionnel\/wp-json\/wp\/v2\/media?parent=137"}],"curies":[{"name":"wp","href":"https:\/\/api.w.org\/{rel}","templated":true}]}}