{"id":128,"date":"2015-06-28T14:28:46","date_gmt":"2015-06-28T13:28:46","guid":{"rendered":"http:\/\/ama-idf.com\/?page_id=128"},"modified":"2021-01-11T16:27:19","modified_gmt":"2021-01-11T15:27:19","slug":"portails-portillons-clotures","status":"publish","type":"page","link":"http:\/\/www.ama-idf.com\/professionnel\/portails-portillons-clotures\/","title":{"rendered":"Portails, Portillons, Cl\u00f4tures"},"content":{"rendered":"<h1>Portails, Portillons &amp; Cl\u00f4tures<\/h1>\n<h4><\/h4>\n<h4>Confort &amp; Conformit\u00e9 \u2013 S\u00e9curit\u00e9 &amp; Environnement<\/h4>\n<p><img data-recalc-dims=\"1\" loading=\"lazy\" decoding=\"async\" data-attachment-id=\"737\" data-permalink=\"http:\/\/www.ama-idf.com\/professionnel\/certification_image_ama\/\" data-orig-file=\"https:\/\/i0.wp.com\/www.ama-idf.com\/wp-content\/uploads\/2016\/07\/certification_image_AMA.jpg?fit=821%2C572\" data-orig-size=\"821,572\" data-comments-opened=\"1\" data-image-meta=\"{&quot;aperture&quot;:&quot;0&quot;,&quot;credit&quot;:&quot;&quot;,&quot;camera&quot;:&quot;&quot;,&quot;caption&quot;:&quot;&quot;,&quot;created_timestamp&quot;:&quot;0&quot;,&quot;copyright&quot;:&quot;&quot;,&quot;focal_length&quot;:&quot;0&quot;,&quot;iso&quot;:&quot;0&quot;,&quot;shutter_speed&quot;:&quot;0&quot;,&quot;title&quot;:&quot;&quot;,&quot;orientation&quot;:&quot;1&quot;}\" data-image-title=\"certification_image_AMA\" data-image-description=\"&lt;p&gt;certification_image_AMA&lt;\/p&gt;\n\" data-image-caption=\"\" data-large-file=\"https:\/\/i0.wp.com\/www.ama-idf.com\/wp-content\/uploads\/2016\/07\/certification_image_AMA.jpg?fit=630%2C439\" class=\"wp-image-737 alignleft\" src=\"https:\/\/i0.wp.com\/www.ama-idf.com\/wp-content\/uploads\/2016\/07\/certification_image_AMA.jpg?resize=435%2C303\" alt=\"certification_image_AMA\" width=\"435\" height=\"303\"><\/p>\n<p>&nbsp;<\/p>\n<p>&nbsp;<\/p>\n<p>&nbsp;<\/p>\n<p>&nbsp;<\/p>\n<p>&nbsp;<\/p>\n<p>&nbsp;<\/p>\n<p>&nbsp;<\/p>\n<p>Portails coulissants (autoportants ou sur rail)<\/p>\n<p>Structure : Barreaud\u00e9 ou en t\u00f4les (perfor\u00e9es ou pleines), Poutre basse en tube 160x80x5mm, Cadre en tube 80x80x3mm, Barreaux 50x30x2mm, Poteau de guidage simple 150x150x4mm, Poteau de r\u00e9ception simple 150x150x4mm. Thermolaquage teinte ral \u00e0 d\u00e9finir. Pour coulissant sur rail : Rail diam 20mm sur IPN 80&#215;40 \u00e0 sceller ou plat \u00e0 spiter, Galets diam. 120mm (x2). Pour autoportant : Contre platine de scellement, Motoris\u00e9 : Pr\u00e9montage en atelier, sur corni\u00e8re, de la cr\u00e9maill\u00e8re module 4 acier Zingu\u00e9 22&#215;22, Caisson poteau coffre.<\/p>\n<p>Portails battants<\/p>\n<p>Structure : Cadre en tube 60x60x3mm, Barreaux 50x30x2mm, Poteaux Porteurs 120x120x3mm, sceller ou spiter Thermolaquage teinte ral \u00e0 d\u00e9finir. Motoris\u00e9 :Pr\u00e9montage en atelier de pi\u00e8ces pour adapter les moteurs.<\/p>\n","protected":false},"excerpt":{"rendered":"<p>Portails, Portillons &amp; Cl\u00f4tures Confort &amp; Conformit\u00e9 \u2013 S\u00e9curit\u00e9 &amp; Environnement &nbsp; &nbsp; &nbsp; &nbsp; &nbsp; &nbsp; &nbsp; Portails coulissants (autoportants ou sur rail) Structure : Barreaud\u00e9 ou en t\u00f4les (perfor\u00e9es ou pleines), Poutre basse en tube 160x80x5mm, Cadre en tube 80x80x3mm, Barreaux 50x30x2mm, Poteau de guidage simple 150x150x4mm, Poteau de r\u00e9ception simple 150x150x4mm. Thermolaquage30<\/p>\n","protected":false},"author":1,"featured_media":0,"parent":0,"menu_order":26,"comment_status":"open","ping_status":"open","template":"page-fullwidth.php","meta":{"_monsterinsights_skip_tracking":false,"_monsterinsights_sitenote_active":false,"_monsterinsights_sitenote_note":"","_monsterinsights_sitenote_category":0,"jetpack_post_was_ever_published":false,"footnotes":""},"class_list":["post-128","page","type-page","status-publish","hentry"],"jetpack_shortlink":"https:\/\/wp.me\/P6sqzA-24","jetpack-related-posts":[{"id":165,"url":"http:\/\/www.ama-idf.com\/professionnel\/installation-maintenance\/","url_meta":{"origin":128,"position":0},"title":"Votre expert en automatismes et s\u00e9curit\u00e9 sur mesure en Ile de France","author":"ama@officiel.fr","date":"28 juin 2015","format":false,"excerpt":"Installation Une Installation cl\u00e9 en main : Portes sectionnelles, Portes basculantes, Portes coch\u00e8res, Portes accord\u00e9ons, Portes \u00e0 enroulement rapide rigide ou souple, Portes compacts Portails coulissants sur rails, t\u00e9lescopiques ou autoportants, Portails battants 1 ou 2 vantaux Portails accord\u00e9ons Portillons Portails rapides Bornes escamotables, Herses anti franchissements, Barri\u00e8res Levantes Barri\u00e8res\u2026","rel":"","context":"Avec 7 commentaires","block_context":{"text":"Avec 7 commentaires","link":"http:\/\/www.ama-idf.com\/professionnel\/installation-maintenance\/#comments"},"img":{"alt_text":"","src":"","width":0,"height":0},"classes":[]},{"id":851,"url":"http:\/\/www.ama-idf.com\/professionnel\/nos-photos-portails\/","url_meta":{"origin":128,"position":1},"title":"Galerie Photos &#8211; Portails, Portillons et Cl\u00f4tures","author":"ama@officiel.fr","date":"24 juillet 2016","format":false,"excerpt":"Galerie Photos\u00a0- Portails, Portillons et Cl\u00f4tures Voici quelques photos de portails install\u00e9s\u00a0par la soci\u00e9t\u00e9 A.M.A.","rel":"","context":"Article similaire","block_context":{"text":"Article similaire","link":""},"img":{"alt_text":"portail_parcpublic","src":"https:\/\/i0.wp.com\/www.ama-idf.com\/wp-content\/uploads\/2016\/07\/portail_parcpublic-1.jpg?resize=350%2C200","width":350,"height":200,"srcset":"https:\/\/i0.wp.com\/www.ama-idf.com\/wp-content\/uploads\/2016\/07\/portail_parcpublic-1.jpg?resize=350%2C200 1x, https:\/\/i0.wp.com\/www.ama-idf.com\/wp-content\/uploads\/2016\/07\/portail_parcpublic-1.jpg?resize=525%2C300 1.5x, https:\/\/i0.wp.com\/www.ama-idf.com\/wp-content\/uploads\/2016\/07\/portail_parcpublic-1.jpg?resize=700%2C400 2x"},"classes":[]},{"id":1114,"url":"http:\/\/www.ama-idf.com\/professionnel\/produits-la-barriere-automatique\/","url_meta":{"origin":128,"position":2},"title":"S\u00e9curisez vos infrastructures avec AMA et LBA","author":"ama@officiel.fr","date":"6 ao\u00fbt 2016","format":false,"excerpt":"Produits La Barri\u00e8re Automatique AMA Paris \u00cele-de-France, sp\u00e9cialiste de l\u2019installation des solutions LBA (leader europ\u00e9en en contr\u00f4le d\u2019acc\u00e8s et s\u00e9curisation p\u00e9rim\u00e9trique).Nous vous accompagnons pour s\u00e9curiser vos flux pi\u00e9tons et v\u00e9hicules avec des \u00e9quipements fiables, durables et conformes. Pourquoi nous choisir ? Une expertise technique,Un mat\u00e9riels performants,De l\u2019\u00e9tude \u00e0 la maintenance,\u2026","rel":"","context":"Article similaire","block_context":{"text":"Article similaire","link":""},"img":{"alt_text":"","src":"","width":0,"height":0},"classes":[]},{"id":1423,"url":"http:\/\/www.ama-idf.com\/professionnel\/nos-photos-realisation-ama\/","url_meta":{"origin":128,"position":3},"title":"Galerie Photos &#8211; R\u00e9alisation AMA","author":"ama@officiel.fr","date":"7 ao\u00fbt 2016","format":false,"excerpt":"Galerie Photos -\u00a0R\u00e9alisation AMA Voici quelques photos -\u00a0r\u00e9alisation AMA. Toutes les photos pr\u00e9sentent dans cette galerie photo repr\u00e9sentent des solutions automatiques propos\u00e9s et\u00a0install\u00e9s\u00a0par la soci\u00e9t\u00e9 AMA. \u00a0","rel":"","context":"Article similaire","block_context":{"text":"Article similaire","link":""},"img":{"alt_text":"SAPN portail db et auto ATI","src":"https:\/\/i0.wp.com\/www.ama-idf.com\/wp-content\/uploads\/2016\/08\/SAPN-portail-db-et-auto-ATI.jpg?resize=350%2C200","width":350,"height":200,"srcset":"https:\/\/i0.wp.com\/www.ama-idf.com\/wp-content\/uploads\/2016\/08\/SAPN-portail-db-et-auto-ATI.jpg?resize=350%2C200 1x, https:\/\/i0.wp.com\/www.ama-idf.com\/wp-content\/uploads\/2016\/08\/SAPN-portail-db-et-auto-ATI.jpg?resize=525%2C300 1.5x, https:\/\/i0.wp.com\/www.ama-idf.com\/wp-content\/uploads\/2016\/08\/SAPN-portail-db-et-auto-ATI.jpg?resize=700%2C400 2x"},"classes":[]},{"id":137,"url":"http:\/\/www.ama-idf.com\/professionnel\/motorisation\/","url_meta":{"origin":128,"position":4},"title":"Motorisation","author":"ama@officiel.fr","date":"28 juin 2015","format":false,"excerpt":"Motorisation Professionnelle \u00a0 Portail Coulissant \u00a0 Le FAAC 844 ER est un motor\u00e9ducteur pour portails coulissants d\u2019un poids maxi de 1 800 kg, pour usage collectif, tertiaire ou industriel et \u00e0 fr\u00e9quences d\u2019utilisations \u00e9lev\u00e9es. Il se caract\u00e9rise par sa robustesse et sa polyvalence. Embrayage \u00e0 double disque \u00e0 bain d\u2019huile\u2026","rel":"","context":"Article similaire","block_context":{"text":"Article similaire","link":""},"img":{"alt_text":"Moteur_faac_844","src":"https:\/\/i0.wp.com\/www.ama-idf.com\/wp-content\/uploads\/2016\/07\/Moteur_faac_844.jpg?resize=350%2C200","width":350,"height":200},"classes":[]},{"id":158,"url":"http:\/\/www.ama-idf.com\/professionnel\/les-barrieres-et-bornes\/","url_meta":{"origin":128,"position":5},"title":"Les Barri\u00e8res et Bornes escamotables automatiques","author":"ama@officiel.fr","date":"28 juin 2015","format":false,"excerpt":"Les Barri\u00e8res et Bornes escamotables automatiques \u00a0 Borne Escamotable M\u00e9canique ou Automatique \u00a0 La borne escamotable J275 offre une aide et une solution intelligente en substitution des portails, des cha\u00eenes et autres, en permettant de r\u00e9glementer l\u2019entr\u00e9e et\/ou la sortie de v\u00e9hicules dans certaines zones et d\u2019en emp\u00eacher le stationnement\u2026","rel":"","context":"Avec 3 commentaires","block_context":{"text":"Avec 3 commentaires","link":"http:\/\/www.ama-idf.com\/professionnel\/les-barrieres-et-bornes\/#comments"},"img":{"alt_text":"barri\u00e8re levante Faac","src":"https:\/\/i0.wp.com\/www.ama-idf.com\/wp-content\/uploads\/2015\/06\/barri%C3%A8reslevante1.jpg?resize=350%2C200","width":350,"height":200,"srcset":"https:\/\/i0.wp.com\/www.ama-idf.com\/wp-content\/uploads\/2015\/06\/barri%C3%A8reslevante1.jpg?resize=350%2C200 1x, https:\/\/i0.wp.com\/www.ama-idf.com\/wp-content\/uploads\/2015\/06\/barri%C3%A8reslevante1.jpg?resize=525%2C300 1.5x, https:\/\/i0.wp.com\/www.ama-idf.com\/wp-content\/uploads\/2015\/06\/barri%C3%A8reslevante1.jpg?resize=700%2C400 2x"},"classes":[]}],"jetpack_sharing_enabled":true,"_links":{"self":[{"href":"http:\/\/www.ama-idf.com\/professionnel\/wp-json\/wp\/v2\/pages\/128","targetHints":{"allow":["GET"]}}],"collection":[{"href":"http:\/\/www.ama-idf.com\/professionnel\/wp-json\/wp\/v2\/pages"}],"about":[{"href":"http:\/\/www.ama-idf.com\/professionnel\/wp-json\/wp\/v2\/types\/page"}],"author":[{"embeddable":true,"href":"http:\/\/www.ama-idf.com\/professionnel\/wp-json\/wp\/v2\/users\/1"}],"replies":[{"embeddable":true,"href":"http:\/\/www.ama-idf.com\/professionnel\/wp-json\/wp\/v2\/comments?post=128"}],"version-history":[{"count":7,"href":"http:\/\/www.ama-idf.com\/professionnel\/wp-json\/wp\/v2\/pages\/128\/revisions"}],"predecessor-version":[{"id":1643,"href":"http:\/\/www.ama-idf.com\/professionnel\/wp-json\/wp\/v2\/pages\/128\/revisions\/1643"}],"wp:attachment":[{"href":"http:\/\/www.ama-idf.com\/professionnel\/wp-json\/wp\/v2\/media?parent=128"}],"curies":[{"name":"wp","href":"https:\/\/api.w.org\/{rel}","templated":true}]}}