{"id":1114,"date":"2016-08-06T12:32:00","date_gmt":"2016-08-06T11:32:00","guid":{"rendered":"http:\/\/www.ama-idf.com\/professionnel\/?page_id=1114"},"modified":"2026-02-10T17:49:41","modified_gmt":"2026-02-10T16:49:41","slug":"produits-la-barriere-automatique","status":"publish","type":"page","link":"http:\/\/www.ama-idf.com\/professionnel\/produits-la-barriere-automatique\/","title":{"rendered":"S\u00e9curisez vos infrastructures avec AMA et LBA"},"content":{"rendered":"\n<h2 class=\"wp-block-heading has-text-color has-link-color has-large-font-size wp-elements-985cad81a4d15a0d7c5f6444e5a41a08\" style=\"color:#0650a5\">Produits La Barri\u00e8re Automatique<\/h2>\n\n\n\n<p class=\"has-medium-font-size\">AMA Paris \u00cele-de-France, sp\u00e9cialiste de l\u2019installation des solutions LBA (leader europ\u00e9en en contr\u00f4le d\u2019acc\u00e8s et s\u00e9curisation p\u00e9rim\u00e9trique).<br>Nous vous accompagnons pour s\u00e9curiser vos flux pi\u00e9tons et v\u00e9hicules avec des \u00e9quipements <strong>fiables, durables et conformes<\/strong>. <br><br><strong>Pourquoi nous choisir ? <\/strong><br>Une expertise technique,<br>Un mat\u00e9riels performants,<br>De l\u2019\u00e9tude \u00e0 la maintenance, avec r\u00e9activit\u00e9 et proximit\u00e9 en \u00cele-de-France,<br>Respect des enjeux RSE.<br><\/p>\n\n\n\n<hr class=\"wp-block-separator has-alpha-channel-opacity is-style-dots\"\/>\n\n\n\n<details class=\"wp-block-details has-text-color has-link-color has-medium-font-size wp-elements-203b3c791175a8bafcc1f583e8a95b82 is-layout-flow wp-block-details-is-layout-flow\" style=\"color:#0650a5\"><summary><strong>Solutions v\u00e9hicules<\/strong><\/summary>\n<hr class=\"wp-block-separator has-alpha-channel-opacity is-style-dots\"\/>\n\n\n\n<h2 class=\"wp-block-heading has-medium-font-size\">Barri\u00e8res Automatiques<\/h2>\n\n\n\n<hr class=\"wp-block-separator has-alpha-channel-opacity\"\/>\n\n\n\n<details class=\"wp-block-details has-black-color has-text-color has-link-color has-medium-font-size wp-elements-714fe7ca9abba0f90067491809c984bd is-layout-flow wp-block-details-is-layout-flow\"><summary><strong>LBA 6<\/strong> : La barri\u00e8re automatique id\u00e9ale pour s\u00e9curiser votre <strong>r\u00e9sidence<\/strong><\/summary>\n<p class=\"has-medium-font-size\">Robuste, rapide et fiable, la LBA 6 est la solution parfaite pour les copropri\u00e9t\u00e9s recherchant une gestion s\u00e9curis\u00e9e et fluide des acc\u00e8s v\u00e9hicules et pi\u00e9tons. Con\u00e7ue pour r\u00e9sister \u00e0 un usage quotidien intensif (jusqu\u2019\u00e0 15 000 man\u0153uvres par jour), elle allie durabilit\u00e9 et simplicit\u00e9 d\u2019utilisation, tout en garantissant une s\u00e9curit\u00e9 optimale pour les r\u00e9sidents<\/p>\n\n\n\n<div data-wp-interactive=\"core\/file\" class=\"wp-block-file\"><object data-wp-bind--hidden=\"!state.hasPdfPreview\" hidden class=\"wp-block-file__embed\" data=\"https:\/\/www.ama-idf.com\/wp-content\/uploads\/2026\/02\/220925-FTK-LBA-6.pdf\" type=\"application\/pdf\" style=\"width:100%;height:600px\" aria-label=\"Contenu embarqu\u00e9 220925-FTK-LBA-6.\"><\/object><a id=\"wp-block-file--media-cd174731-bf12-495e-8f6d-1558b2e8c172\" href=\"https:\/\/www.ama-idf.com\/professionnel\/produits-la-barriere-automatique\/220925-ftk-lba-6\/\" target=\"_blank\" rel=\"noreferrer noopener\">220925-FTK-LBA-6<\/a><\/div>\n<\/details>\n\n\n\n<hr class=\"wp-block-separator has-alpha-channel-opacity\"\/>\n\n\n\n<details class=\"wp-block-details has-black-color has-text-color has-link-color has-medium-font-size wp-elements-e0f266592342ec9d26f12a3b0149fb62 is-layout-flow wp-block-details-is-layout-flow\"><summary><strong>LBA 7<\/strong> : La barri\u00e8re automatique polyvalente pour un <strong>usage intensif et continu<\/strong><\/summary>\n<p class=\"has-medium-font-size\">Con\u00e7ue pour r\u00e9pondre aux exigences des environnements \u00e0 fort trafic, la LBA 7 est une barri\u00e8re automatique haute performance capable d\u2019effectuer jusqu\u2019\u00e0 15 000 man\u0153uvres par jour. Alliant durabilit\u00e9 et pr\u00e9cision, elle est id\u00e9ale pour s\u00e9curiser les acc\u00e8s pi\u00e9tons et v\u00e9hicules dans les sites industriels, les parkings, les zones logistiques ou les infrastructures publiques.<\/p>\n\n\n\n<div data-wp-interactive=\"core\/file\" class=\"wp-block-file\"><object data-wp-bind--hidden=\"!state.hasPdfPreview\" hidden class=\"wp-block-file__embed\" data=\"https:\/\/www.ama-idf.com\/wp-content\/uploads\/2026\/02\/220925-FTK-LBA-7.pdf\" type=\"application\/pdf\" style=\"width:100%;height:600px\" aria-label=\"Contenu embarqu\u00e9 220925-FTK-LBA-7.\"><\/object><a id=\"wp-block-file--media-f8e17f83-98a3-4ba8-ad3f-e22dd51448eb\" href=\"https:\/\/www.ama-idf.com\/professionnel\/produits-la-barriere-automatique\/220925-ftk-lba-7\/\" target=\"_blank\" rel=\"noreferrer noopener\">220925-FTK-LBA-7<\/a><\/div>\n<\/details>\n\n\n\n<hr class=\"wp-block-separator has-alpha-channel-opacity\"\/>\n\n\n\n<details class=\"wp-block-details has-black-color has-text-color has-link-color has-medium-font-size wp-elements-e50f47e6a8a1387f78c9cf46ec6b7d8f is-layout-flow wp-block-details-is-layout-flow\"><summary><strong>LBA 86 <\/strong>: L\u2019incontournable barri\u00e8re <strong>anti vandalisme<\/strong> pour les <strong>sites sensibles<\/strong><\/summary>\n<p class=\"has-medium-font-size\">Con\u00e7ue pour les environnements exigeants, la LBA 86 est une barri\u00e8re automatique lourde et ultra-r\u00e9sistante, id\u00e9ale pour s\u00e9curiser les sites sensibles (zones industrielles, parkings publics, infrastructures critiques, etc.). Avec une capacit\u00e9 de 10 000 man\u0153uvres par jour, elle allie performance, durabilit\u00e9 et s\u00e9curit\u00e9 maximale contre les actes de malveillance.<\/p>\n\n\n\n<div data-wp-interactive=\"core\/file\" class=\"wp-block-file\"><object data-wp-bind--hidden=\"!state.hasPdfPreview\" hidden class=\"wp-block-file__embed\" data=\"https:\/\/www.ama-idf.com\/wp-content\/uploads\/2026\/02\/220925-FTK-LBA-86.pdf\" type=\"application\/pdf\" style=\"width:100%;height:600px\" aria-label=\"Contenu embarqu\u00e9 220925-FTK-LBA-86.\"><\/object><a id=\"wp-block-file--media-139f5633-3574-4abe-b228-21ede1dd0dbb\" href=\"https:\/\/www.ama-idf.com\/wp-content\/uploads\/2026\/02\/220925-FTK-LBA-86.pdf\" target=\"_blank\" rel=\"noreferrer noopener\">220925-FTK-LBA-86<\/a><\/div>\n<\/details>\n\n\n\n<hr class=\"wp-block-separator has-alpha-channel-opacity\"\/>\n\n\n\n<details class=\"wp-block-details has-black-color has-text-color has-link-color has-medium-font-size wp-elements-d2803fa5fdf53b1057162f8909ac41c9 is-layout-flow wp-block-details-is-layout-flow\"><summary><strong>LBA 12 <\/strong>: Barri\u00e8re levante<strong> haute r\u00e9sistances<\/strong><\/summary>\n<p class=\"has-medium-font-size\">La LBA 12 est une barri\u00e8re automatique lourde, con\u00e7ue pour un fonctionnement (jusqu\u2019\u00e0 10 000 man\u0153uvres\/jour), id\u00e9ale pour les sites industriels et infrastructures exigeantes. Alliant robustesse et performance.<\/p>\n\n\n\n<div data-wp-interactive=\"core\/file\" class=\"wp-block-file\"><object data-wp-bind--hidden=\"!state.hasPdfPreview\" hidden class=\"wp-block-file__embed\" data=\"https:\/\/www.ama-idf.com\/wp-content\/uploads\/2026\/02\/220925-FTK-LBA-12.pdf\" type=\"application\/pdf\" style=\"width:100%;height:600px\" aria-label=\"Contenu embarqu\u00e9 220925-FTK-LBA-12.\"><\/object><a id=\"wp-block-file--media-7530deea-f7ed-484b-ae42-cd9e020d0b00\" href=\"https:\/\/www.ama-idf.com\/wp-content\/uploads\/2026\/02\/220925-FTK-LBA-12.pdf\" target=\"_blank\" rel=\"noreferrer noopener\">220925-FTK-LBA-12<\/a><\/div>\n<\/details>\n\n\n\n<hr class=\"wp-block-separator has-alpha-channel-opacity is-style-dots\"\/>\n\n\n\n<h2 class=\"wp-block-heading has-medium-font-size\">Portails Rapides<br><\/h2>\n\n\n\n<hr class=\"wp-block-separator has-alpha-channel-opacity\"\/>\n\n\n\n<details class=\"wp-block-details has-black-color has-text-color has-link-color has-medium-font-size wp-elements-1fb3ab015e22bf062bd45ac174487116 is-layout-flow wp-block-details-is-layout-flow\"><summary><strong>LBAi W-Gate simple ou double <\/strong>: Portail ultra-rapide avec intelligence artificielle<\/summary>\n<p class=\"has-medium-font-size\">Portail simple ou double pliant <strong>ultra-rapide (1,2 m\/s)<\/strong> et <strong>haute s\u00e9curit\u00e9<\/strong>, con\u00e7u pour un <strong>usage intensif<\/strong> avec 3 \u00e0 5 m de passage libre. <br>&#x2705; <strong>Motorisation invisible<\/strong> (sans coffret d\u00e9port\u00e9) <br>&#x2705; <strong>D\u00e9tection par IA<\/strong> (pas de barres palpeuses ni cellules) <br>&#x2705; <strong>Vantaux aluminium barreaud\u00e9s<\/strong>, poteaux acier cataphor\u00e8se <br>&#x2705; <strong>Verrouillage moteur frein + ventouse magn\u00e9tique (500 kg)<\/strong> <br><br><strong>Id\u00e9al pour<\/strong> : Sites industriels, parkings s\u00e9curis\u00e9s, acc\u00e8s contr\u00f4l\u00e9s. <br><strong>Installation et accompagnement<\/strong> par AMA Paris \u00cele-de-France.<br><\/p>\n\n\n\n<div data-wp-interactive=\"core\/file\" class=\"wp-block-file\"><object data-wp-bind--hidden=\"!state.hasPdfPreview\" hidden class=\"wp-block-file__embed\" data=\"https:\/\/www.ama-idf.com\/wp-content\/uploads\/2026\/02\/201025-FTK-LBAi-W-GATE.pdf\" type=\"application\/pdf\" style=\"width:100%;height:600px\" aria-label=\"Contenu embarqu\u00e9 201025-FTK-LBAi-W-GATE.\"><\/object><a id=\"wp-block-file--media-638f1b61-8ae6-4e53-a3ba-3ce560910f21\" href=\"https:\/\/www.ama-idf.com\/wp-content\/uploads\/2026\/02\/201025-FTK-LBAi-W-GATE.pdf\" target=\"_blank\" rel=\"noreferrer noopener\">201025-FTK-LBAi-W-GATE<\/a><\/div>\n<\/details>\n\n\n\n<hr class=\"wp-block-separator has-alpha-channel-opacity\"\/>\n\n\n\n<details class=\"wp-block-details has-black-color has-text-color has-link-color has-medium-font-size wp-elements-b6fabe25bae9071a78b9efb1092ec864 is-layout-flow wp-block-details-is-layout-flow\"><summary><strong>LBAi W-GATE 7580 <\/strong>: Portail pliant double ultra-robuste, certifi\u00e9 crash-test<\/summary>\n<p class=\"has-medium-font-size\">Portail pliant double ultra-robuste, certifi\u00e9 crash-test (7,5 t \u00e0 80 km\/h) pour sites sensibles.<br>&#x2705; Passage de 2 \u00e0 8 m<br>&#x2705; Motorisation et \u00e9lectronique int\u00e9gr\u00e9es dans le poteau<br>&#x2705; Verrouillage par v\u00e9rin \u00e9lectrique<br>&#x2705; Ouverture rapide \u00e0 d\u00e9battement r\u00e9duit<br>&#x2705; S\u00e9curit\u00e9 intelligente : Compatible LBAi Detect (IA) ou dispositifs traditionnels<\/p>\n\n\n\n<div data-wp-interactive=\"core\/file\" class=\"wp-block-file\"><object data-wp-bind--hidden=\"!state.hasPdfPreview\" hidden class=\"wp-block-file__embed\" data=\"https:\/\/www.ama-idf.com\/wp-content\/uploads\/2026\/02\/150925-FTK-LBAi-W-GATE-7580.pdf\" type=\"application\/pdf\" style=\"width:100%;height:600px\" aria-label=\"Contenu embarqu\u00e9 150925-FTK-LBAi-W-GATE-7580.\"><\/object><a id=\"wp-block-file--media-0b7e36fa-ee3d-4af5-8c80-2a2087413e12\" href=\"https:\/\/www.ama-idf.com\/wp-content\/uploads\/2026\/02\/150925-FTK-LBAi-W-GATE-7580.pdf\" target=\"_blank\" rel=\"noreferrer noopener\">150925-FTK-LBAi-W-GATE-7580<\/a><\/div>\n<\/details>\n\n\n\n<hr class=\"wp-block-separator has-alpha-channel-opacity is-style-dots\"\/>\n<\/details>\n\n\n\n<details class=\"wp-block-details has-text-color has-link-color has-medium-font-size wp-elements-38eb067838cb0ac1f41df21c5d1d13e1 is-layout-flow wp-block-details-is-layout-flow\" style=\"color:#0650a5\"><summary><strong>Solutions Pi\u00e9tons<\/strong><\/summary>\n<hr class=\"wp-block-separator has-alpha-channel-opacity is-style-default\"\/>\n\n\n\n<details class=\"wp-block-details has-black-color has-text-color has-link-color has-medium-font-size wp-elements-3b478fd25a19257a5ec37a34184b4a17 is-layout-flow wp-block-details-is-layout-flow\"><summary><strong>Tourniquets pi\u00e9tons LBAT10 &amp; LBAT20<\/strong> : S\u00e9curit\u00e9 et fluidit\u00e9 pour passages intensifs<\/summary>\n<p class=\"has-medium-font-size\">LBAT10 (simple) &amp; LBAT20 (double) <br>Passage \u00e0 3 bras (entr\u00e9e, sortie ou entr\u00e9e\/sortie) pour unicit\u00e9 de passage garantie.<br>Structure robuste en acier galvanis\u00e9, tambours en tubes acier \u00d840 mm, toiture aluminium avec \u00e9vacuation des eaux, blocage par cliquets \u00e9lectromagn\u00e9tiques. Voyants rouge\/vert.<br>Logique de commande par automate 24 V. <br><br><strong>Id\u00e9al pour <\/strong>: Sites industriels, gares, stades, b\u00e2timents publics.<br><strong>Installation et maintenance<\/strong> par AMA Paris \u00cele-de-France.<\/p>\n\n\n\n<div data-wp-interactive=\"core\/file\" class=\"wp-block-file\"><object data-wp-bind--hidden=\"!state.hasPdfPreview\" hidden class=\"wp-block-file__embed\" data=\"https:\/\/www.ama-idf.com\/wp-content\/uploads\/2026\/02\/290925-FTK-LBA-T10.pdf\" type=\"application\/pdf\" style=\"width:100%;height:600px\" aria-label=\"Contenu embarqu\u00e9 290925-FTK-LBA-T10.\"><\/object><a id=\"wp-block-file--media-0b7e36fa-ee3d-4af5-8c80-2a2087413e12\" href=\"https:\/\/www.ama-idf.com\/wp-content\/uploads\/2026\/02\/290925-FTK-LBA-T10.pdf\" target=\"_blank\" rel=\"noreferrer noopener\">290925-FTK-LBA-T10<\/a><\/div>\n<\/details>\n\n\n\n<hr class=\"wp-block-separator has-alpha-channel-opacity is-style-dots\"\/>\n\n\n\n<details class=\"wp-block-details has-black-color has-text-color has-link-color has-medium-font-size wp-elements-56e0333a5d3c78e07adf74e0790ea92a is-layout-flow wp-block-details-is-layout-flow\"><summary><strong>Portillon PMR<\/strong> : Portillon pi\u00e9ton PMR motorisable<\/summary>\n<p class=\"has-medium-font-size\">Portillon conforme PMR, con\u00e7u pour un usage intensif (jusqu\u2019\u00e0 20 passages\/min).<br>&#x2705; Ouverture \u00e0 90\u00b0 pour un confort optimal.<br>&#x2705; Voyants lumineux pour un acc\u00e8s clair et s\u00e9curis\u00e9.<br>&#x2705; Design compact avec contr\u00f4le en fa\u00e7ade, simplifiant la maintenance.<br>&#x2705; Adapt\u00e9 aux parkings, ERP et environnements tertiaires soumis \u00e0 la norme PMR.<br><br><strong>Id\u00e9al pour<\/strong> : B\u00e2timents publics, centres commerciaux, \u00e9tablissements recevant du public.<br><strong>Installation et accompagnement<\/strong> par AMA Paris \u00cele-de-France.<\/p>\n\n\n\n<div data-wp-interactive=\"core\/file\" class=\"wp-block-file\"><object data-wp-bind--hidden=\"!state.hasPdfPreview\" hidden class=\"wp-block-file__embed\" data=\"https:\/\/www.ama-idf.com\/wp-content\/uploads\/2026\/02\/290925-FTK-PPMR.pdf\" type=\"application\/pdf\" style=\"width:100%;height:600px\" aria-label=\"Contenu embarqu\u00e9 290925-FTK-PPMR.\"><\/object><a id=\"wp-block-file--media-7e30bc3f-e5c2-4ef7-abe4-ff826d930bb2\" href=\"https:\/\/www.ama-idf.com\/wp-content\/uploads\/2026\/02\/290925-FTK-PPMR.pdf\" target=\"_blank\" rel=\"noreferrer noopener\">290925-FTK-PPMR<\/a><\/div>\n<\/details>\n<\/details>\n","protected":false},"excerpt":{"rendered":"<p>Produits La Barri\u00e8re Automatique AMA Paris \u00cele-de-France, sp\u00e9cialiste de l\u2019installation des solutions LBA (leader europ\u00e9en en contr\u00f4le d\u2019acc\u00e8s et s\u00e9curisation p\u00e9rim\u00e9trique).Nous vous accompagnons pour s\u00e9curiser vos flux pi\u00e9tons et v\u00e9hicules avec des \u00e9quipements fiables, durables et conformes. Pourquoi nous choisir ? Une expertise technique,Un mat\u00e9riels performants,De l\u2019\u00e9tude \u00e0 la maintenance, avec r\u00e9activit\u00e9 et proximit\u00e9 en30<\/p>\n","protected":false},"author":1,"featured_media":2153,"parent":0,"menu_order":3,"comment_status":"open","ping_status":"closed","template":"page-fullwidth.php","meta":{"_monsterinsights_skip_tracking":false,"_monsterinsights_sitenote_active":false,"_monsterinsights_sitenote_note":"","_monsterinsights_sitenote_category":0,"jetpack_post_was_ever_published":false,"footnotes":""},"class_list":["post-1114","page","type-page","status-publish","has-post-thumbnail","hentry"],"jetpack_shortlink":"https:\/\/wp.me\/P6sqzA-hY","jetpack-related-posts":[{"id":122,"url":"http:\/\/www.ama-idf.com\/professionnel\/presentation-ama-ile-de-france\/","url_meta":{"origin":1114,"position":0},"title":"Pr\u00e9sentation de l\u2019entreprise AMA PARIS \u00cele-de-France","author":"ama@officiel.fr","date":"28 juin 2015","format":false,"excerpt":"\u00a0 Implant\u00e9e \u00e0 Cormeilles-en-Parisis et \u00e0 Massy, AMA PARIS \u00cele-de-France est une entreprise sp\u00e9cialis\u00e9e dans l\u2019installation, la motorisation et la maintenance des \u00e9quipements de fermeture automatique et des syst\u00e8mes de contr\u00f4le d\u2019acc\u00e8s. Fond\u00e9e en 1990, elle s\u2019appuie aujourd\u2019hui sur une \u00e9quipe d\u2019environ trente collaborateurs, r\u00e9unis autour d\u2019un savoir-faire technique reconnu\u2026","rel":"","context":"Avec 2 commentaires","block_context":{"text":"Avec 2 commentaires","link":"http:\/\/www.ama-idf.com\/professionnel\/presentation-ama-ile-de-france\/#comments"},"img":{"alt_text":"","src":"https:\/\/i0.wp.com\/www.ama-idf.com\/wp-content\/uploads\/2026\/01\/AMA_Techniciens.jpg?resize=350%2C200","width":350,"height":200,"srcset":"https:\/\/i0.wp.com\/www.ama-idf.com\/wp-content\/uploads\/2026\/01\/AMA_Techniciens.jpg?resize=350%2C200 1x, https:\/\/i0.wp.com\/www.ama-idf.com\/wp-content\/uploads\/2026\/01\/AMA_Techniciens.jpg?resize=525%2C300 1.5x, https:\/\/i0.wp.com\/www.ama-idf.com\/wp-content\/uploads\/2026\/01\/AMA_Techniciens.jpg?resize=700%2C400 2x, https:\/\/i0.wp.com\/www.ama-idf.com\/wp-content\/uploads\/2026\/01\/AMA_Techniciens.jpg?resize=1050%2C600 3x, https:\/\/i0.wp.com\/www.ama-idf.com\/wp-content\/uploads\/2026\/01\/AMA_Techniciens.jpg?resize=1400%2C800 4x"},"classes":[]},{"id":1037,"url":"http:\/\/www.ama-idf.com\/professionnel\/produits-intratone\/","url_meta":{"origin":1114,"position":1},"title":"Nos Produits &#8211; Intratone","author":"ama@officiel.fr","date":"5 ao\u00fbt 2016","format":false,"excerpt":"Produits Intratone","rel":"","context":"Article similaire","block_context":{"text":"Article similaire","link":""},"img":{"alt_text":"clavier_a_code produits intratone","src":"https:\/\/i0.wp.com\/www.ama-idf.com\/wp-content\/uploads\/2016\/08\/clavier_a_code.jpg?resize=350%2C200","width":350,"height":200},"classes":[]},{"id":1015,"url":"http:\/\/www.ama-idf.com\/professionnel\/produits-faac\/","url_meta":{"origin":1114,"position":2},"title":"Automatismes FAAC : Installation et Entretien Expert","author":"ama@officiel.fr","date":"25 juillet 2016","format":false,"excerpt":"Les automatismes FAAC Les produits FAAC sont install\u00e9s et entretenus par la soci\u00e9t\u00e9 AMA Ile-de-France, agr\u00e9\u00e9 FAAC depuis 18 ans. FAAC-CATALOGUE-GENERAL-24 Un agr\u00e9\u00e9 FAAC est un professionnel certifi\u00e9 par FAAC, un leader dans les solutions de motorisation pour portes, portails, barri\u00e8res et automatismes. Voici les principales expertises et services qu\u2019un\u2026","rel":"","context":"Article similaire","block_context":{"text":"Article similaire","link":""},"img":{"alt_text":"","src":"","width":0,"height":0},"classes":[]},{"id":1213,"url":"http:\/\/www.ama-idf.com\/professionnel\/produits-safir\/","url_meta":{"origin":1114,"position":3},"title":"Portes de Garages SAFIR : Guide Complet","author":"ama@officiel.fr","date":"6 ao\u00fbt 2016","format":false,"excerpt":"SAFIR COLLECTIF & COPROPRIETE Les portes de garages Vous pouvez aussi consultez le catalogue ici. Fiche Produit S400 Porte basculante automatique de parking collectif SAFIR S400 Fiche Produit W724 Porte accordeon automatique de parking collectif SAFIR W724 Fiche Produit S424 Porte basculante automatique de parking collectif SAFIR S424","rel":"","context":"Article similaire","block_context":{"text":"Article similaire","link":""},"img":{"alt_text":"Porte basculante de parking","src":"https:\/\/i0.wp.com\/www.ama-idf.com\/wp-content\/uploads\/2026\/01\/Porte_Safir_S400.jpg?resize=350%2C200","width":350,"height":200,"srcset":"https:\/\/i0.wp.com\/www.ama-idf.com\/wp-content\/uploads\/2026\/01\/Porte_Safir_S400.jpg?resize=350%2C200 1x, https:\/\/i0.wp.com\/www.ama-idf.com\/wp-content\/uploads\/2026\/01\/Porte_Safir_S400.jpg?resize=525%2C300 1.5x, https:\/\/i0.wp.com\/www.ama-idf.com\/wp-content\/uploads\/2026\/01\/Porte_Safir_S400.jpg?resize=700%2C400 2x, https:\/\/i0.wp.com\/www.ama-idf.com\/wp-content\/uploads\/2026\/01\/Porte_Safir_S400.jpg?resize=1050%2C600 3x, https:\/\/i0.wp.com\/www.ama-idf.com\/wp-content\/uploads\/2026\/01\/Porte_Safir_S400.jpg?resize=1400%2C800 4x"},"classes":[]},{"id":773,"url":"http:\/\/www.ama-idf.com\/professionnel\/les-mentions-legales\/","url_meta":{"origin":1114,"position":4},"title":"Les mentions l\u00e9gales","author":"ama@officiel.fr","date":"19 juillet 2016","format":false,"excerpt":"Les mentions l\u00e9gales \u00a0 \u00a0 Date de derni\u00e8re mise \u00e0 jour\u00a0:\u00a019 juillet 2016 Mentions l\u00e9gales: Le site internet AMA Ile-de-France Site Professionnel\u00a0est \u00e9dit\u00e9 par la soci\u00e9t\u00e9\u00a0AMA Ile-de-France, SARL, immatricul\u00e9e au Registre du Commerce et des Soci\u00e9t\u00e9s de PONTOISE sous le num\u00e9ro RCS 377 733 548. Si\u00e8ge social :\u00a0174\/176 Boulevard Joffre\u2026","rel":"","context":"Article similaire","block_context":{"text":"Article similaire","link":""},"img":{"alt_text":"ama-mentions-legales","src":"https:\/\/i0.wp.com\/www.ama-idf.com\/wp-content\/uploads\/2016\/07\/ama-mentions-legales.jpg?resize=350%2C200","width":350,"height":200,"srcset":"https:\/\/i0.wp.com\/www.ama-idf.com\/wp-content\/uploads\/2016\/07\/ama-mentions-legales.jpg?resize=350%2C200 1x, https:\/\/i0.wp.com\/www.ama-idf.com\/wp-content\/uploads\/2016\/07\/ama-mentions-legales.jpg?resize=525%2C300 1.5x, https:\/\/i0.wp.com\/www.ama-idf.com\/wp-content\/uploads\/2016\/07\/ama-mentions-legales.jpg?resize=700%2C400 2x, https:\/\/i0.wp.com\/www.ama-idf.com\/wp-content\/uploads\/2016\/07\/ama-mentions-legales.jpg?resize=1050%2C600 3x, https:\/\/i0.wp.com\/www.ama-idf.com\/wp-content\/uploads\/2016\/07\/ama-mentions-legales.jpg?resize=1400%2C800 4x"},"classes":[]},{"id":1125,"url":"http:\/\/www.ama-idf.com\/professionnel\/produits-vendemoise-de-fermeture\/","url_meta":{"origin":1114,"position":5},"title":"Nos Produits &#8211; La Vendemoise de fermeture","author":"ama@officiel.fr","date":"6 ao\u00fbt 2016","format":false,"excerpt":"Produits La Vendemoise de fermeture Produits La Vendemoise de fermeture : Les\u00a0grilles roulantes en tubes ondul\u00e9s offrent une s\u00e9curit\u00e9 optimale et une condition id\u00e9ale de pr\u00e9sentation des produits apr\u00e8s la fermeture du magasin. Id\u00e9al pour prot\u00e9ger vos magasins, vos entrep\u00f4ts ou ateliers. Le rideau m\u00e9tallique constitue une d\u00e9fense efficace contre\u2026","rel":"","context":"Article similaire","block_context":{"text":"Article similaire","link":""},"img":{"alt_text":"grille_decorative produits la vendemoise de fermeture","src":"https:\/\/i0.wp.com\/www.ama-idf.com\/wp-content\/uploads\/2016\/08\/grille_decorative.jpg?resize=350%2C200","width":350,"height":200},"classes":[]}],"jetpack_sharing_enabled":true,"_links":{"self":[{"href":"http:\/\/www.ama-idf.com\/professionnel\/wp-json\/wp\/v2\/pages\/1114","targetHints":{"allow":["GET"]}}],"collection":[{"href":"http:\/\/www.ama-idf.com\/professionnel\/wp-json\/wp\/v2\/pages"}],"about":[{"href":"http:\/\/www.ama-idf.com\/professionnel\/wp-json\/wp\/v2\/types\/page"}],"author":[{"embeddable":true,"href":"http:\/\/www.ama-idf.com\/professionnel\/wp-json\/wp\/v2\/users\/1"}],"replies":[{"embeddable":true,"href":"http:\/\/www.ama-idf.com\/professionnel\/wp-json\/wp\/v2\/comments?post=1114"}],"version-history":[{"count":33,"href":"http:\/\/www.ama-idf.com\/professionnel\/wp-json\/wp\/v2\/pages\/1114\/revisions"}],"predecessor-version":[{"id":2150,"href":"http:\/\/www.ama-idf.com\/professionnel\/wp-json\/wp\/v2\/pages\/1114\/revisions\/2150"}],"wp:featuredmedia":[{"embeddable":true,"href":"http:\/\/www.ama-idf.com\/professionnel\/wp-json\/wp\/v2\/media\/2153"}],"wp:attachment":[{"href":"http:\/\/www.ama-idf.com\/professionnel\/wp-json\/wp\/v2\/media?parent=1114"}],"curies":[{"name":"wp","href":"https:\/\/api.w.org\/{rel}","templated":true}]}}