{"id":1053,"date":"2016-08-05T11:29:47","date_gmt":"2016-08-05T10:29:47","guid":{"rendered":"http:\/\/www.ama-idf.com\/professionnel\/?page_id=1053"},"modified":"2026-02-10T17:51:34","modified_gmt":"2026-02-10T16:51:34","slug":"produits-daab","status":"publish","type":"page","link":"http:\/\/www.ama-idf.com\/professionnel\/produits-daab\/","title":{"rendered":"Motorisations DAAB : robustesse et durabilit\u00e9"},"content":{"rendered":"\n<h2 class=\"wp-block-heading has-text-color has-link-color wp-elements-1dacaa3a19975b6d833430a028cc88c4\" style=\"color:#0650a5\"><a href=\"https:\/\/www.ama-idf.com\/wp-content\/uploads\/2026\/02\/new-daab-logo-2.jpg\"><em>DAAB<\/em><\/a> les moteurs qui propulsent vos projets<\/h2>\n\n\n\n<p class=\"has-medium-font-size\">Les automatismes DAAB sont \u00e0 la fois les plus robustes et les plus durables du march\u00e9. <\/p>\n\n\n\n<p class=\"has-medium-font-size\">Nous proposons trois tailles diff\u00e9rentes&nbsp;:<\/p>\n\n\n\n<details class=\"wp-block-details has-medium-font-size\"><summary><strong><mark style=\"background-color:rgba(0, 0, 0, 0);color:#0650a5\" class=\"has-inline-color is-layout-flow wp-block-details-is-layout-flow\">DAAB MT pour les petites portes, <\/mark><\/strong><\/summary>\n<div class=\"wp-block-file\"><a id=\"wp-block-file--media-6329f9a8-3d40-415f-8eb8-ab6ec8a98581\" href=\"https:\/\/www.ama-idf.com\/wp-content\/uploads\/2026\/02\/daab_mt.jpg\" target=\"_blank\" rel=\"noreferrer noopener\"><strong><mark style=\"background-color:rgba(0, 0, 0, 0)\" class=\"has-inline-color has-vivid-red-color\">DAAB MT<\/mark><\/strong><\/a><\/div>\n\n\n\n<p class=\"has-medium-font-size\"><br>Dimensions maximales des vantaux (L x H) : 3 x 3 m<br>Utilisation maximale : Continue<br>Temps d&rsquo;ouverture : 8 s<br>Tension : 230\/400 V CA<br>Moteur \u00e9lectrique monophas\u00e9 ou triphas\u00e9<br>R\u00e9ducteur \u00e0 double engrenage h\u00e9lico\u00efdal type DAAB MT, autobloquant. <br>R\u00e9ducteur en aluminium.<br>Bo\u00eete de vitesses \u00e0 bain d&rsquo;huile, r\u00e9sistante \u00e0 -45 \u00b0C<br>Partie inf\u00e9rieure en silumin ou en acier galvanis\u00e9 \u00e0 chaud<br>Couvercle en plastique ou en acier inoxydable<br>Support mural galvanis\u00e9 \u00e0 chaud, moteur \u00e9lectro-galvanis\u00e9 et bras articul\u00e9<br>Bras moteur \u00e0 d\u00e9gagement rapide<br>Peut \u00eatre install\u00e9 \u00e0 l&rsquo;envers si l&rsquo;espace est limit\u00e9.<br>La carte de commande EP 105 est con\u00e7ue pour ce produit<\/p>\n<\/details>\n\n\n\n<hr class=\"wp-block-separator has-alpha-channel-opacity\"\/>\n\n\n\n<details class=\"wp-block-details has-medium-font-size\"><summary><strong><mark style=\"background-color:rgba(0, 0, 0, 0);color:#0650a5\" class=\"has-inline-color is-layout-flow wp-block-details-is-layout-flow\">DAAB MK2 (notre mod\u00e8le le plus vendu),<\/mark><\/strong><\/summary>\n<div class=\"wp-block-file\"><a id=\"wp-block-file--media-bcde7e42-9d0d-4b0e-a7bd-520bb9c731f0\" href=\"https:\/\/www.ama-idf.com\/wp-content\/uploads\/2026\/02\/daab_mk_2-1.jpg\" target=\"_blank\" rel=\"noreferrer noopener\"><strong><mark style=\"background-color:rgba(0, 0, 0, 0)\" class=\"has-inline-color has-vivid-red-color\">DAAB MK 2<\/mark><\/strong><\/a><\/div>\n\n\n\n<p class=\"has-medium-font-size\"><br>Dimensions maximales des vantaux&nbsp;(L x H)&nbsp;: 8 x 6 m<br>Utilisation maximale&nbsp;: Continue<br>Temps\/vitesse d\u2019ouverture&nbsp;: 8\u201330 s<br>Tension&nbsp;: 230\/400 V CA<br>Moteur \u00e9lectrique monophas\u00e9 ou triphas\u00e9 <br>Couple maximal : 450 &#8211; 1600 Nm<br>R\u00e9ducteur \u00e0 double vis sans fin type DAAB MK, autobloquant. <br>R\u00e9ducteur \u00e0 ch\u00e2ssis en aluminium.<br>Bo\u00eete de vitesses \u00e0 bain d&rsquo;huile, r\u00e9sistante \u00e0 -45 \u00b0C<br>Partie inf\u00e9rieure en silumin<br>Couvercle en plastique ou en acier inoxydable<br>Support mural galvanis\u00e9 \u00e0 chaud, moteur \u00e9lectro galvanis\u00e9 et bras articul\u00e9<br>Bras moteur \u00e0 d\u00e9gagement rapide<br>Peut \u00eatre install\u00e9 \u00e0 l&rsquo;envers si l&rsquo;espace est limit\u00e9.<br>La carte de commande EP 105 est con\u00e7ue pour ce produit.<br><\/p>\n<\/details>\n\n\n\n<hr class=\"wp-block-separator has-alpha-channel-opacity\"\/>\n\n\n\n<details class=\"wp-block-details has-medium-font-size\"><summary><strong><mark style=\"background-color:rgba(0, 0, 0, 0);color:#0650a5\" class=\"has-inline-color is-layout-flow wp-block-details-is-layout-flow\">DAAB M10 pour les grandes portes,<\/mark><\/strong><\/summary>\n<div class=\"wp-block-file\"><a id=\"wp-block-file--media-3526dfd1-8088-4e8e-bec6-69cce55a1cf1\" href=\"https:\/\/www.ama-idf.com\/wp-content\/uploads\/2026\/02\/daab_m10-1.jpg\" target=\"_blank\" rel=\"noreferrer noopener\"><strong><mark style=\"background-color:rgba(0, 0, 0, 0)\" class=\"has-inline-color has-vivid-red-color\">DAAB M10<\/mark><\/strong><\/a><\/div>\n\n\n\n<p class=\"has-medium-font-size\"><br>Dimensions maximales des vantaux : Voir la fiche technique <br>Utilisation maximale : Continue <br>Temps\/vitesse d&rsquo;ouverture&nbsp;: 16 \u00e0 56&nbsp;s <br>Tension : 230\/400 V CA <br>Moteur \u00e9lectrique monophas\u00e9 ou triphas\u00e9<br>Couple maximal : 450 &#8211; 1600 Nm <br>R\u00e9ducteur \u00e0 double engrenage h\u00e9lico\u00efdal type DAAB M10, autobloquant. <br>R\u00e9ducteur \u00e0 ch\u00e2ssis en aluminium.<br>Bo\u00eete de vitesses \u00e0 bain d&rsquo;huile, r\u00e9sistante \u00e0 -45 \u00b0C<br>Fond en acier galvanis\u00e9 \u00e0 chaud<br>Couvercle en acier inoxydable<br>Bras et support moteur galvanis\u00e9s \u00e0 chaud<br>Retirer le bras du moteur \u00e0 l&rsquo;aide d&rsquo;un bouton<br>La carte de commande EP 105 est con\u00e7ue pour ce produit<\/p>\n<\/details>\n\n\n\n<hr class=\"wp-block-separator has-alpha-channel-opacity\"\/>\n\n\n\n<p class=\"has-medium-font-size\"><br><br>Avec l&rsquo;alliance de l&rsquo;innovation AMA pose, raccorde, programme, entretien les motorisations DAAB sur l&rsquo;ile de France, son savoir faire unique permet de proposer des motorisation et portails pour des sites sensibles.<\/p>\n\n\n\n<div data-wp-interactive=\"core\/file\" class=\"wp-block-file\"><object data-wp-bind--hidden=\"!state.hasPdfPreview\" hidden class=\"wp-block-file__embed\" data=\"https:\/\/www.ama-idf.com\/wp-content\/uploads\/2026\/02\/daab_folding_doors_uk.pdf\" type=\"application\/pdf\" style=\"width:100%;height:600px\" aria-label=\"Contenu embarqu\u00e9 Fiche Technique.\"><\/object><a id=\"wp-block-file--media-1684aceb-0806-433b-84b9-d24a0238a1e0\" href=\"https:\/\/www.ama-idf.com\/wp-content\/uploads\/2026\/02\/daab_folding_doors_uk.pdf\" target=\"_blank\" rel=\"noreferrer noopener\">Fiche Technique<\/a><\/div>\n\n\n\n<div data-wp-interactive=\"core\/file\" class=\"wp-block-file\"><object data-wp-bind--hidden=\"!state.hasPdfPreview\" hidden class=\"wp-block-file__embed\" data=\"https:\/\/www.ama-idf.com\/wp-content\/uploads\/2026\/02\/manual_drive_unit_daab_mt_ma2_mk2_m10_r5_en.pdf\" type=\"application\/pdf\" style=\"width:100%;height:600px\" aria-label=\"Contenu embarqu\u00e9 Notice installation DAAB.\"><\/object><a id=\"wp-block-file--media-8a03fd8f-2c0d-419f-9064-b3807a6ad552\" href=\"https:\/\/www.ama-idf.com\/wp-content\/uploads\/2026\/02\/manual_drive_unit_daab_mt_ma2_mk2_m10_r5_en.pdf\" target=\"_blank\" rel=\"noreferrer noopener\">Notice installation DAAB<\/a><\/div>\n\n\n\n<p><\/p>\n","protected":false},"excerpt":{"rendered":"<p>DAAB les moteurs qui propulsent vos projets Les automatismes DAAB sont \u00e0 la fois les plus robustes et les plus durables du march\u00e9. Nous proposons trois tailles diff\u00e9rentes&nbsp;: Avec l&rsquo;alliance de l&rsquo;innovation AMA pose, raccorde, programme, entretien les motorisations DAAB sur l&rsquo;ile de France, son savoir faire unique permet de proposer des motorisation et portails30<\/p>\n","protected":false},"author":1,"featured_media":2155,"parent":0,"menu_order":1,"comment_status":"open","ping_status":"closed","template":"page-fullwidth.php","meta":{"_monsterinsights_skip_tracking":false,"_monsterinsights_sitenote_active":false,"_monsterinsights_sitenote_note":"","_monsterinsights_sitenote_category":0,"footnotes":""},"class_list":["post-1053","page","type-page","status-publish","has-post-thumbnail","hentry"],"jetpack_shortlink":"https:\/\/wp.me\/P6sqzA-gZ","jetpack-related-posts":[{"id":1168,"url":"http:\/\/www.ama-idf.com\/professionnel\/produits-novoferm\/","url_meta":{"origin":1053,"position":0},"title":"Nos Produits &#8211; Novoferm","author":"ama@officiel.fr","date":"6 ao\u00fbt 2016","format":false,"excerpt":"Produits\u00a0Novoferm Produits Novoferm : Installateurs, architectes, utilisateurs, La porte rapide facilite la circulation des\u00a0marchandises et apporte aux utilisateurs et\u00a0propri\u00e9taires \u00e9conomies d\u2019\u00e9nergie, robustesse et\u00a0s\u00e9curit\u00e9. Novoferm vous propose une large gamme\u00a0de portes rapides et vous garantit la conformit\u00e9\u00a0de son offre aux normes de s\u00e9curit\u00e9 en vigueur\u00a0EN 13241.1. En industrie Industrie lourde et\u2026","rel":"","context":"Article similaire","block_context":{"text":"Article similaire","link":""},"img":{"alt_text":"novospeed_flex_hard_edge produits Novoferm","src":"https:\/\/i0.wp.com\/www.ama-idf.com\/wp-content\/uploads\/2016\/08\/novospeed_flex_hard_edge.jpg?resize=350%2C200","width":350,"height":200},"classes":[]},{"id":122,"url":"http:\/\/www.ama-idf.com\/professionnel\/presentation-ama-ile-de-france\/","url_meta":{"origin":1053,"position":1},"title":"Pr\u00e9sentation de l\u2019entreprise AMA PARIS \u00cele-de-France","author":"ama@officiel.fr","date":"28 juin 2015","format":false,"excerpt":"\u00a0 Implant\u00e9e \u00e0 Cormeilles-en-Parisis et \u00e0 Massy, AMA PARIS \u00cele-de-France est une entreprise sp\u00e9cialis\u00e9e dans l\u2019installation, la motorisation et la maintenance des \u00e9quipements de fermeture automatique et des syst\u00e8mes de contr\u00f4le d\u2019acc\u00e8s. Fond\u00e9e en 1990, elle s\u2019appuie aujourd\u2019hui sur une \u00e9quipe d\u2019environ trente collaborateurs, r\u00e9unis autour d\u2019un savoir-faire technique reconnu\u2026","rel":"","context":"Avec 2 commentaires","block_context":{"text":"Avec 2 commentaires","link":"http:\/\/www.ama-idf.com\/professionnel\/presentation-ama-ile-de-france\/#comments"},"img":{"alt_text":"","src":"https:\/\/i0.wp.com\/www.ama-idf.com\/wp-content\/uploads\/2026\/01\/AMA_Techniciens.jpg?resize=350%2C200","width":350,"height":200,"srcset":"https:\/\/i0.wp.com\/www.ama-idf.com\/wp-content\/uploads\/2026\/01\/AMA_Techniciens.jpg?resize=350%2C200 1x, https:\/\/i0.wp.com\/www.ama-idf.com\/wp-content\/uploads\/2026\/01\/AMA_Techniciens.jpg?resize=525%2C300 1.5x, https:\/\/i0.wp.com\/www.ama-idf.com\/wp-content\/uploads\/2026\/01\/AMA_Techniciens.jpg?resize=700%2C400 2x, https:\/\/i0.wp.com\/www.ama-idf.com\/wp-content\/uploads\/2026\/01\/AMA_Techniciens.jpg?resize=1050%2C600 3x, https:\/\/i0.wp.com\/www.ama-idf.com\/wp-content\/uploads\/2026\/01\/AMA_Techniciens.jpg?resize=1400%2C800 4x"},"classes":[]},{"id":137,"url":"http:\/\/www.ama-idf.com\/professionnel\/motorisation\/","url_meta":{"origin":1053,"position":2},"title":"Motorisation","author":"ama@officiel.fr","date":"28 juin 2015","format":false,"excerpt":"Motorisation Professionnelle \u00a0 Portail Coulissant \u00a0 Le FAAC 844 ER est un motor\u00e9ducteur pour portails coulissants d\u2019un poids maxi de 1 800 kg, pour usage collectif, tertiaire ou industriel et \u00e0 fr\u00e9quences d\u2019utilisations \u00e9lev\u00e9es. Il se caract\u00e9rise par sa robustesse et sa polyvalence. Embrayage \u00e0 double disque \u00e0 bain d\u2019huile\u2026","rel":"","context":"Article similaire","block_context":{"text":"Article similaire","link":""},"img":{"alt_text":"Moteur_faac_844","src":"https:\/\/i0.wp.com\/www.ama-idf.com\/wp-content\/uploads\/2016\/07\/Moteur_faac_844.jpg?resize=350%2C200","width":350,"height":200},"classes":[]},{"id":1656,"url":"http:\/\/www.ama-idf.com\/professionnel\/conditions-de-ventes\/","url_meta":{"origin":1053,"position":3},"title":"Conditions de Ventes","author":"ama@officiel.fr","date":"11 janvier 2021","format":false,"excerpt":"CONDITIONS GENERALES DE VENTE - A.M.A. PARIS ILE DE FRANCE Article 1 : Dispositions g\u00e9n\u00e9rales Les pr\u00e9sentes Conditions G\u00e9n\u00e9rales de Vente de prestations de services, ci-apr\u00e8s d\u00e9nomm\u00e9es CGV, constituent l\u2019accord r\u00e9gissant pendant sa dur\u00e9e, les relations entre la soci\u00e9t\u00e9 A.M.A. PARIS ILE DE FRANCE, ci-apr\u00e8s d\u00e9nomm\u00e9 le Prestataire et ses\u2026","rel":"","context":"Article similaire","block_context":{"text":"Article similaire","link":""},"img":{"alt_text":"","src":"","width":0,"height":0},"classes":[]}],"jetpack_sharing_enabled":true,"_links":{"self":[{"href":"http:\/\/www.ama-idf.com\/professionnel\/wp-json\/wp\/v2\/pages\/1053","targetHints":{"allow":["GET"]}}],"collection":[{"href":"http:\/\/www.ama-idf.com\/professionnel\/wp-json\/wp\/v2\/pages"}],"about":[{"href":"http:\/\/www.ama-idf.com\/professionnel\/wp-json\/wp\/v2\/types\/page"}],"author":[{"embeddable":true,"href":"http:\/\/www.ama-idf.com\/professionnel\/wp-json\/wp\/v2\/users\/1"}],"replies":[{"embeddable":true,"href":"http:\/\/www.ama-idf.com\/professionnel\/wp-json\/wp\/v2\/comments?post=1053"}],"version-history":[{"count":51,"href":"http:\/\/www.ama-idf.com\/professionnel\/wp-json\/wp\/v2\/pages\/1053\/revisions"}],"predecessor-version":[{"id":2112,"href":"http:\/\/www.ama-idf.com\/professionnel\/wp-json\/wp\/v2\/pages\/1053\/revisions\/2112"}],"wp:featuredmedia":[{"embeddable":true,"href":"http:\/\/www.ama-idf.com\/professionnel\/wp-json\/wp\/v2\/media\/2155"}],"wp:attachment":[{"href":"http:\/\/www.ama-idf.com\/professionnel\/wp-json\/wp\/v2\/media?parent=1053"}],"curies":[{"name":"wp","href":"https:\/\/api.w.org\/{rel}","templated":true}]}}