{"id":1015,"date":"2016-07-25T14:32:31","date_gmt":"2016-07-25T13:32:31","guid":{"rendered":"http:\/\/www.ama-idf.com\/professionnel\/?page_id=1015"},"modified":"2026-02-10T18:15:59","modified_gmt":"2026-02-10T17:15:59","slug":"produits-faac","status":"publish","type":"page","link":"http:\/\/www.ama-idf.com\/professionnel\/produits-faac\/","title":{"rendered":"Automatismes FAAC : Installation et Entretien Expert"},"content":{"rendered":"\n<h2 class=\"wp-block-heading has-text-color has-link-color has-medium-font-size wp-elements-4761aa924815835c6fe7ac80f5448ca5\" style=\"color:#0650a5\">Les automatismes FAAC<\/h2>\n\n\n\n<p class=\"has-luminous-vivid-orange-color has-text-color has-link-color has-medium-font-size wp-elements-36f03de484cce44ad213628437c6144e\">Les produits FAAC sont install\u00e9s et entretenus par la soci\u00e9t\u00e9 AMA Ile-de-France, <strong>agr\u00e9\u00e9 FAAC depuis 18 ans<\/strong>.<\/p>\n\n\n\n<div data-wp-interactive=\"core\/file\" class=\"wp-block-file\"><object data-wp-bind--hidden=\"!state.hasPdfPreview\" hidden class=\"wp-block-file__embed\" data=\"https:\/\/www.ama-idf.com\/wp-content\/uploads\/2026\/02\/FAAC-CATALOGUE-GENERAL-24.pdf\" type=\"application\/pdf\" style=\"width:100%;height:711px\" aria-label=\"Contenu embarqu\u00e9 &lt;strong&gt;FAAC-CATALOGUE-GENERAL-24&lt;\/strong&gt;.\"><\/object><a id=\"wp-block-file--media-48db5a5e-c090-4db4-9a93-782d1c5e9f26\" href=\"https:\/\/www.ama-idf.com\/wp-content\/uploads\/2026\/02\/FAAC-CATALOGUE-GENERAL-24.pdf\" target=\"_blank\" rel=\"noreferrer noopener\"><strong>FAAC-CATALOGUE-GENERAL-24<\/strong><\/a><\/div>\n\n\n\n<p class=\"has-luminous-vivid-orange-color has-text-color has-link-color has-medium-font-size wp-elements-c7d32561d65cc44455bce7efde1804dc\"><br><\/p>\n\n\n\n<div class=\"wp-block-group\"><div class=\"wp-block-group__inner-container is-layout-flow wp-block-group-is-layout-flow\">\n<div class=\"wp-block-columns is-layout-flex wp-container-core-columns-is-layout-9d6595d7 wp-block-columns-is-layout-flex\">\n<div class=\"wp-block-column is-vertically-aligned-center is-layout-flow wp-block-column-is-layout-flow\">\n<p class=\"has-medium-font-size\">Un agr\u00e9\u00e9 FAAC est un professionnel certifi\u00e9 par FAAC, un leader dans les solutions de motorisation pour portes, portails, barri\u00e8res et automatismes. Voici les principales expertises et services qu\u2019un agr\u00e9\u00e9 FAAC peut offrir :<br><\/p>\n\n\n\n<ol class=\"wp-block-list\">\n<li class=\"has-text-color has-link-color has-medium-font-size wp-elements-757750ce8f03fd2331fdeb93c61a189a\" style=\"color:#0650a5\"><em><strong>Conseil et orientation personnalis\u00e9s<\/strong><\/em><\/li>\n<\/ol>\n\n\n\n<p class=\"has-medium-font-size\">Expertise technique : Ma\u00eetrise des gammes compl\u00e8tes de produits FAAC (motorisations pour portails, portes de garage, barri\u00e8res, etc.).<br>Solutions sur mesure : Capacit\u00e9 \u00e0 analyser vos besoins sp\u00e9cifiques (r\u00e9sidentiel, industriel, collectif) et \u00e0 proposer des solutions adapt\u00e9es (s\u00e9curit\u00e9, accessibilit\u00e9, durabilit\u00e9).<\/p>\n\n\n\n<ol start=\"2\" class=\"wp-block-list\">\n<li class=\"has-text-color has-link-color has-medium-font-size wp-elements-867d647e36f5e0d795d13feef7442ed7\" style=\"color:#0650a5\"><em><strong>Installation et mise en service<\/strong><\/em><\/li>\n<\/ol>\n\n\n\n<p class=\"has-medium-font-size\">Installation conforme aux normes en vigueur (s\u00e9curit\u00e9, r\u00e9glementation).<br>Param\u00e9trage et tests pour garantir le bon fonctionnement des \u00e9quipements.<\/p>\n\n\n\n<ol start=\"3\" class=\"wp-block-list\">\n<li class=\"has-text-color has-link-color has-medium-font-size wp-elements-165d763045e7236b8f6a390111cf46bf\" style=\"color:#0650a5\"><em><strong>Maintenance et d\u00e9pannage<\/strong><\/em><\/li>\n<\/ol>\n\n\n\n<p class=\"has-medium-font-size\">Service de proximit\u00e9 : Intervention rapide pour l\u2019entretien, la r\u00e9paration ou le d\u00e9pannage des motorisations FAAC existantes.<br>Diagnostic technique : Identification des pannes et proposition de solutions (remplacement de pi\u00e8ces, mise \u00e0 jour logicielle, etc.).<\/p>\n\n\n\n<ol start=\"4\" class=\"wp-block-list\">\n<li class=\"has-text-color has-link-color has-medium-font-size wp-elements-0f989df1198fb9c5ed9e58a7d8394651\" style=\"color:#0650a5\"><em><strong>Formation continue<\/strong><\/em><\/li>\n<\/ol>\n\n\n\n<p class=\"has-medium-font-size\">Les agr\u00e9\u00e9s FAAC suivent r\u00e9guli\u00e8rement des formations techniques sur les nouveaux produits et \u00e9volutions technologiques (ex. : motorisations connect\u00e9es, solutions intelligentes).<br>Ils sont inform\u00e9s des mises \u00e0 jour r\u00e9glementaires (ex. : normes de s\u00e9curit\u00e9 EN 13241-1 pour les portes motoris\u00e9es).<\/p>\n\n\n\n<ol start=\"5\" class=\"wp-block-list\">\n<li class=\"has-text-color has-link-color has-medium-font-size wp-elements-ff54ac4603123ff4b251aaf0c0effe55\" style=\"color:#0650a5\"><em><strong>Fourniture d\u2019accessoires et pi\u00e8ces d\u00e9tach\u00e9es<\/strong><\/em><\/li>\n<\/ol>\n\n\n\n<p class=\"has-medium-font-size\">Acc\u00e8s \u00e0 un stock de pi\u00e8ces d\u2019origine FAAC pour garantir la compatibilit\u00e9 et la durabilit\u00e9 des \u00e9quipements.<br>Vente d\u2019accessoires (t\u00e9l\u00e9commandes, capteurs, kits de s\u00e9curit\u00e9, etc.).<\/p>\n\n\n\n<ol start=\"6\" class=\"wp-block-list\">\n<li class=\"has-text-color has-link-color has-medium-font-size wp-elements-ea7e24d755b0e8d9138b62efb91c46fe\" style=\"color:#0650a5\"><em><strong>Garantie et support<\/strong><\/em><\/li>\n<\/ol>\n\n\n\n<p class=\"has-medium-font-size\">Les installations r\u00e9alis\u00e9es par un agr\u00e9\u00e9 FAAC b\u00e9n\u00e9ficient d\u2019une garantie constructeur \u00e9tendue.<br>D&rsquo;un support technique et assistance en cas de probl\u00e8me.<br>Certification officielle par FAAC, gage de comp\u00e9tence et de s\u00e9rieux.<br>Connaissance des derni\u00e8res technologies (ex. : automatismes connect\u00e9s, solutions domotiques).<br>Respect des normes europ\u00e9ennes et des exigences de s\u00e9curit\u00e9. <br>Si vous avez un projet sp\u00e9cifique (ex. : motorisation d\u2019un portail, s\u00e9curisation d\u2019un acc\u00e8s), un agr\u00e9\u00e9 FAAC comme <strong>AMA PARIS Ile de France<\/strong> peut vous accompagner de l\u2019\u00e9tude \u00e0 la maintenance.<\/p>\n<\/div>\n<\/div>\n<\/div><\/div>\n","protected":false},"excerpt":{"rendered":"<p>Les automatismes FAAC Les produits FAAC sont install\u00e9s et entretenus par la soci\u00e9t\u00e9 AMA Ile-de-France, agr\u00e9\u00e9 FAAC depuis 18 ans. Un agr\u00e9\u00e9 FAAC est un professionnel certifi\u00e9 par FAAC, un leader dans les solutions de motorisation pour portes, portails, barri\u00e8res et automatismes. Voici les principales expertises et services qu\u2019un agr\u00e9\u00e9 FAAC peut offrir : Expertise30<\/p>\n","protected":false},"author":1,"featured_media":2158,"parent":0,"menu_order":2,"comment_status":"open","ping_status":"closed","template":"page-fullwidth.php","meta":{"_monsterinsights_skip_tracking":false,"_monsterinsights_sitenote_active":false,"_monsterinsights_sitenote_note":"","_monsterinsights_sitenote_category":0,"jetpack_post_was_ever_published":false,"footnotes":""},"class_list":["post-1015","page","type-page","status-publish","has-post-thumbnail","hentry"],"jetpack_shortlink":"https:\/\/wp.me\/P6sqzA-gn","jetpack-related-posts":[{"id":158,"url":"http:\/\/www.ama-idf.com\/professionnel\/les-barrieres-et-bornes\/","url_meta":{"origin":1015,"position":0},"title":"Les Barri\u00e8res et Bornes escamotables automatiques","author":"ama@officiel.fr","date":"28 juin 2015","format":false,"excerpt":"Les Barri\u00e8res et Bornes escamotables automatiques \u00a0 Borne Escamotable M\u00e9canique ou Automatique \u00a0 La borne escamotable J275 offre une aide et une solution intelligente en substitution des portails, des cha\u00eenes et autres, en permettant de r\u00e9glementer l\u2019entr\u00e9e et\/ou la sortie de v\u00e9hicules dans certaines zones et d\u2019en emp\u00eacher le stationnement\u2026","rel":"","context":"Avec 3 commentaires","block_context":{"text":"Avec 3 commentaires","link":"http:\/\/www.ama-idf.com\/professionnel\/les-barrieres-et-bornes\/#comments"},"img":{"alt_text":"barri\u00e8re levante Faac","src":"https:\/\/i0.wp.com\/www.ama-idf.com\/wp-content\/uploads\/2015\/06\/barri%C3%A8reslevante1.jpg?resize=350%2C200","width":350,"height":200,"srcset":"https:\/\/i0.wp.com\/www.ama-idf.com\/wp-content\/uploads\/2015\/06\/barri%C3%A8reslevante1.jpg?resize=350%2C200 1x, https:\/\/i0.wp.com\/www.ama-idf.com\/wp-content\/uploads\/2015\/06\/barri%C3%A8reslevante1.jpg?resize=525%2C300 1.5x, https:\/\/i0.wp.com\/www.ama-idf.com\/wp-content\/uploads\/2015\/06\/barri%C3%A8reslevante1.jpg?resize=700%2C400 2x"},"classes":[]},{"id":137,"url":"http:\/\/www.ama-idf.com\/professionnel\/motorisation\/","url_meta":{"origin":1015,"position":1},"title":"Motorisation","author":"ama@officiel.fr","date":"28 juin 2015","format":false,"excerpt":"Motorisation Professionnelle \u00a0 Portail Coulissant \u00a0 Le FAAC 844 ER est un motor\u00e9ducteur pour portails coulissants d\u2019un poids maxi de 1 800 kg, pour usage collectif, tertiaire ou industriel et \u00e0 fr\u00e9quences d\u2019utilisations \u00e9lev\u00e9es. Il se caract\u00e9rise par sa robustesse et sa polyvalence. Embrayage \u00e0 double disque \u00e0 bain d\u2019huile\u2026","rel":"","context":"Article similaire","block_context":{"text":"Article similaire","link":""},"img":{"alt_text":"Moteur_faac_844","src":"https:\/\/i0.wp.com\/www.ama-idf.com\/wp-content\/uploads\/2016\/07\/Moteur_faac_844.jpg?resize=350%2C200","width":350,"height":200},"classes":[]},{"id":1114,"url":"http:\/\/www.ama-idf.com\/professionnel\/produits-la-barriere-automatique\/","url_meta":{"origin":1015,"position":2},"title":"S\u00e9curisez vos infrastructures avec AMA et LBA","author":"ama@officiel.fr","date":"6 ao\u00fbt 2016","format":false,"excerpt":"Produits La Barri\u00e8re Automatique AMA Paris \u00cele-de-France, sp\u00e9cialiste de l\u2019installation des solutions LBA (leader europ\u00e9en en contr\u00f4le d\u2019acc\u00e8s et s\u00e9curisation p\u00e9rim\u00e9trique).Nous vous accompagnons pour s\u00e9curiser vos flux pi\u00e9tons et v\u00e9hicules avec des \u00e9quipements fiables, durables et conformes. Pourquoi nous choisir ? Une expertise technique,Un mat\u00e9riels performants,De l\u2019\u00e9tude \u00e0 la maintenance,\u2026","rel":"","context":"Article similaire","block_context":{"text":"Article similaire","link":""},"img":{"alt_text":"","src":"","width":0,"height":0},"classes":[]},{"id":165,"url":"http:\/\/www.ama-idf.com\/professionnel\/installation-maintenance\/","url_meta":{"origin":1015,"position":3},"title":"Votre expert en automatismes et s\u00e9curit\u00e9 sur mesure en Ile de France","author":"ama@officiel.fr","date":"28 juin 2015","format":false,"excerpt":"Installation Une Installation cl\u00e9 en main : Portes sectionnelles, Portes basculantes, Portes coch\u00e8res, Portes accord\u00e9ons, Portes \u00e0 enroulement rapide rigide ou souple, Portes compacts Portails coulissants sur rails, t\u00e9lescopiques ou autoportants, Portails battants 1 ou 2 vantaux Portails accord\u00e9ons Portillons Portails rapides Bornes escamotables, Herses anti franchissements, Barri\u00e8res Levantes Barri\u00e8res\u2026","rel":"","context":"Avec 7 commentaires","block_context":{"text":"Avec 7 commentaires","link":"http:\/\/www.ama-idf.com\/professionnel\/installation-maintenance\/#comments"},"img":{"alt_text":"","src":"","width":0,"height":0},"classes":[]},{"id":122,"url":"http:\/\/www.ama-idf.com\/professionnel\/presentation-ama-ile-de-france\/","url_meta":{"origin":1015,"position":4},"title":"Pr\u00e9sentation de l\u2019entreprise AMA PARIS \u00cele-de-France","author":"ama@officiel.fr","date":"28 juin 2015","format":false,"excerpt":"\u00a0 Implant\u00e9e \u00e0 Cormeilles-en-Parisis et \u00e0 Massy, AMA PARIS \u00cele-de-France est une entreprise sp\u00e9cialis\u00e9e dans l\u2019installation, la motorisation et la maintenance des \u00e9quipements de fermeture automatique et des syst\u00e8mes de contr\u00f4le d\u2019acc\u00e8s. Fond\u00e9e en 1990, elle s\u2019appuie aujourd\u2019hui sur une \u00e9quipe d\u2019environ trente collaborateurs, r\u00e9unis autour d\u2019un savoir-faire technique reconnu\u2026","rel":"","context":"Avec 2 commentaires","block_context":{"text":"Avec 2 commentaires","link":"http:\/\/www.ama-idf.com\/professionnel\/presentation-ama-ile-de-france\/#comments"},"img":{"alt_text":"","src":"https:\/\/i0.wp.com\/www.ama-idf.com\/wp-content\/uploads\/2026\/01\/AMA_Techniciens.jpg?resize=350%2C200","width":350,"height":200,"srcset":"https:\/\/i0.wp.com\/www.ama-idf.com\/wp-content\/uploads\/2026\/01\/AMA_Techniciens.jpg?resize=350%2C200 1x, https:\/\/i0.wp.com\/www.ama-idf.com\/wp-content\/uploads\/2026\/01\/AMA_Techniciens.jpg?resize=525%2C300 1.5x, https:\/\/i0.wp.com\/www.ama-idf.com\/wp-content\/uploads\/2026\/01\/AMA_Techniciens.jpg?resize=700%2C400 2x, https:\/\/i0.wp.com\/www.ama-idf.com\/wp-content\/uploads\/2026\/01\/AMA_Techniciens.jpg?resize=1050%2C600 3x, https:\/\/i0.wp.com\/www.ama-idf.com\/wp-content\/uploads\/2026\/01\/AMA_Techniciens.jpg?resize=1400%2C800 4x"},"classes":[]},{"id":1213,"url":"http:\/\/www.ama-idf.com\/professionnel\/produits-safir\/","url_meta":{"origin":1015,"position":5},"title":"Portes de Garages SAFIR : Guide Complet","author":"ama@officiel.fr","date":"6 ao\u00fbt 2016","format":false,"excerpt":"SAFIR COLLECTIF & COPROPRIETE Les portes de garages Vous pouvez aussi consultez le catalogue ici. Fiche Produit S400 Porte basculante automatique de parking collectif SAFIR S400 Fiche Produit W724 Porte accordeon automatique de parking collectif SAFIR W724 Fiche Produit S424 Porte basculante automatique de parking collectif SAFIR S424","rel":"","context":"Article similaire","block_context":{"text":"Article similaire","link":""},"img":{"alt_text":"Porte basculante de parking","src":"https:\/\/i0.wp.com\/www.ama-idf.com\/wp-content\/uploads\/2026\/01\/Porte_Safir_S400.jpg?resize=350%2C200","width":350,"height":200,"srcset":"https:\/\/i0.wp.com\/www.ama-idf.com\/wp-content\/uploads\/2026\/01\/Porte_Safir_S400.jpg?resize=350%2C200 1x, https:\/\/i0.wp.com\/www.ama-idf.com\/wp-content\/uploads\/2026\/01\/Porte_Safir_S400.jpg?resize=525%2C300 1.5x, https:\/\/i0.wp.com\/www.ama-idf.com\/wp-content\/uploads\/2026\/01\/Porte_Safir_S400.jpg?resize=700%2C400 2x, https:\/\/i0.wp.com\/www.ama-idf.com\/wp-content\/uploads\/2026\/01\/Porte_Safir_S400.jpg?resize=1050%2C600 3x, https:\/\/i0.wp.com\/www.ama-idf.com\/wp-content\/uploads\/2026\/01\/Porte_Safir_S400.jpg?resize=1400%2C800 4x"},"classes":[]}],"jetpack_sharing_enabled":true,"_links":{"self":[{"href":"http:\/\/www.ama-idf.com\/professionnel\/wp-json\/wp\/v2\/pages\/1015","targetHints":{"allow":["GET"]}}],"collection":[{"href":"http:\/\/www.ama-idf.com\/professionnel\/wp-json\/wp\/v2\/pages"}],"about":[{"href":"http:\/\/www.ama-idf.com\/professionnel\/wp-json\/wp\/v2\/types\/page"}],"author":[{"embeddable":true,"href":"http:\/\/www.ama-idf.com\/professionnel\/wp-json\/wp\/v2\/users\/1"}],"replies":[{"embeddable":true,"href":"http:\/\/www.ama-idf.com\/professionnel\/wp-json\/wp\/v2\/comments?post=1015"}],"version-history":[{"count":39,"href":"http:\/\/www.ama-idf.com\/professionnel\/wp-json\/wp\/v2\/pages\/1015\/revisions"}],"predecessor-version":[{"id":2167,"href":"http:\/\/www.ama-idf.com\/professionnel\/wp-json\/wp\/v2\/pages\/1015\/revisions\/2167"}],"wp:featuredmedia":[{"embeddable":true,"href":"http:\/\/www.ama-idf.com\/professionnel\/wp-json\/wp\/v2\/media\/2158"}],"wp:attachment":[{"href":"http:\/\/www.ama-idf.com\/professionnel\/wp-json\/wp\/v2\/media?parent=1015"}],"curies":[{"name":"wp","href":"https:\/\/api.w.org\/{rel}","templated":true}]}}